{"id":88692,"date":"2021-03-09T11:36:40","date_gmt":"2021-03-09T11:36:40","guid":{"rendered":"https:\/\/2021.callandridemallorca.com\/electric-kick-scooter-rental-palma-de-mallorca\/"},"modified":"2022-02-10T14:24:39","modified_gmt":"2022-02-10T14:24:39","slug":"alquiler-patinetes-electricos-palma-de-mallorca","status":"publish","type":"page","link":"https:\/\/2021.callandridemallorca.com\/es\/alquiler-patinetes-electricos-palma-de-mallorca\/","title":{"rendered":"Alquiler patinetes electricos"},"content":{"rendered":"<p>[vc_row unlock_row_content=\u00bbyes\u00bb row_height_percent=\u00bb100&#8243; back_image=\u00bb88137&#8243; overlay_alpha=\u00bb67&#8243; equal_height=\u00bbyes\u00bb gutter_size=\u00bb0&#8243; column_width_use_pixel=\u00bbyes\u00bb shift_y=\u00bb0&#8243; z_index=\u00bb0&#8243; row_name=\u00bbWelcome\u00bb][vc_column column_width_percent=\u00bb100&#8243; position_vertical=\u00bbmiddle\u00bb align_horizontal=\u00bbalign_center\u00bb gutter_size=\u00bb2&#8243; style=\u00bbdark\u00bb overlay_alpha=\u00bb50&#8243; shift_x=\u00bb0&#8243; shift_y=\u00bb0&#8243; shift_y_down=\u00bb0&#8243; z_index=\u00bb0&#8243; medium_width=\u00bb0&#8243; mobile_width=\u00bb0&#8243; width=\u00bb1\/1&#8243;][vc_row_inner row_inner_height_percent=\u00bb0&#8243; overlay_alpha=\u00bb50&#8243; gutter_size=\u00bb3&#8243; shift_y=\u00bb0&#8243; z_index=\u00bb0&#8243; limit_content=\u00bb\u00bb][vc_column_inner column_width_use_pixel=\u00bbyes\u00bb position_vertical=\u00bbmiddle\u00bb align_horizontal=\u00bbalign_center\u00bb gutter_size=\u00bb3&#8243; style=\u00bbdark\u00bb overlay_alpha=\u00bb50&#8243; shift_x=\u00bb0&#8243; shift_y=\u00bb0&#8243; shift_y_down=\u00bb0&#8243; z_index=\u00bb0&#8243; medium_width=\u00bb0&#8243; mobile_width=\u00bb0&#8243; width=\u00bb1\/1&#8243; column_width_pixel=\u00bb950&#8243;][vc_custom_heading heading_semantic=\u00bbh1&#8243; text_font=\u00bbfont-156269&#8243; text_size=\u00bbfontsize-338686&#8243; text_weight=\u00bb400&#8243; text_space=\u00bbfontspace-781688&#8243; css_animation=\u00bbcurtain\u00bb animation_delay=\u00bb200&#8243; interval_animation=\u00bb100&#8243; uncode_shortcode_id=\u00bb308135&#8243;]Alquiler de Patinetes El\u00e9ctricos en Palma[\/vc_custom_heading][\/vc_column_inner][\/vc_row_inner][vc_row_inner row_inner_height_percent=\u00bb0&#8243; overlay_alpha=\u00bb50&#8243; gutter_size=\u00bb3&#8243; shift_y=\u00bb0&#8243; z_index=\u00bb0&#8243; limit_content=\u00bb\u00bb][vc_column_inner column_width_use_pixel=\u00bbyes\u00bb position_vertical=\u00bbmiddle\u00bb align_horizontal=\u00bbalign_center\u00bb gutter_size=\u00bb3&#8243; style=\u00bbdark\u00bb overlay_alpha=\u00bb50&#8243; shift_x=\u00bb0&#8243; shift_y=\u00bb0&#8243; shift_y_down=\u00bb0&#8243; z_index=\u00bb0&#8243; medium_width=\u00bb0&#8243; mobile_width=\u00bb0&#8243; width=\u00bb1\/1&#8243; column_width_pixel=\u00bb740&#8243;][vc_button border_width=\u00bb0&#8243; css_animation=\u00bbbottom-t-top\u00bb animation_delay=\u00bb800&#8243; link=\u00bburl:%23patinetes\u00bb uncode_shortcode_id=\u00bb199348&#8243;]Ver nuestros patinetes[\/vc_button][\/vc_column_inner][\/vc_row_inner][\/vc_column][\/vc_row][vc_row row_height_percent=\u00bb100&#8243; back_color=\u00bbcolor-xsdn\u00bb overlay_alpha=\u00bb47&#8243; gutter_size=\u00bb100&#8243; column_width_percent=\u00bb100&#8243; shift_y=\u00bb0&#8243; z_index=\u00bb0&#8243; style=\u00bbinherited\u00bb row_name=\u00bbpatinetes\u00bb uncode_shortcode_id=\u00bb912501&#8243; back_color_type=\u00bbuncode-palette\u00bb][vc_column column_width_percent=\u00bb100&#8243; position_vertical=\u00bbmiddle\u00bb align_horizontal=\u00bbalign_center\u00bb gutter_size=\u00bb4&#8243; overlay_alpha=\u00bb100&#8243; shift_x=\u00bb0&#8243; shift_y=\u00bb0&#8243; shift_y_down=\u00bb0&#8243; z_index=\u00bb0&#8243; medium_width=\u00bb0&#8243; mobile_width=\u00bb0&#8243; zoom_width=\u00bb0&#8243; zoom_height=\u00bb0&#8243; width=\u00bb1\/1&#8243;][vc_custom_heading text_font=\u00bbfont-329340&#8243; text_weight=\u00bb400&#8243; text_height=\u00bbfontheight-357766&#8243; uncode_shortcode_id=\u00bb106177&#8243;]<\/p>\n<h2>Reserva tu patinete el\u00e9ctrico en Call&amp;Ride y recorre Palma de otra forma<\/h2>\n<p>[\/vc_custom_heading][vc_column_text uncode_shortcode_id=\u00bb120524&#8243;]Call&amp;ride te ofrece los mejores patinetes el\u00e9ctricos de la ciudad. Alquila un patinete y disfruta de la ciudad de Palma de la forma m\u00e1s c\u00f3moda y divertida.<br \/>\n<strong>Nos puedes encontrar en la\u00a0<a href=\"https:\/\/goo.gl\/maps\/2rkkmGzSNHo\" target=\"_blank\" rel=\"noopener nofollow\">Calle Can Puigdorfila 5,<\/a>\u00a0en el centro de Palma.<\/strong>[\/vc_column_text][vc_row_inner row_inner_height_percent=\u00bb0&#8243; overlay_alpha=\u00bb100&#8243; gutter_size=\u00bb4&#8243; shift_y=\u00bb0&#8243; z_index=\u00bb0&#8243; limit_content=\u00bb\u00bb el_id=\u00bbelectrickkickscooter\u00bb][vc_column_inner column_width_percent=\u00bb100&#8243; align_horizontal=\u00bbalign_center\u00bb gutter_size=\u00bb3&#8243; font_family=\u00bbfont-329340&#8243; overlay_alpha=\u00bb100&#8243; shift_x=\u00bb0&#8243; shift_y=\u00bb0&#8243; shift_y_down=\u00bb0&#8243; z_index=\u00bb0&#8243; medium_width=\u00bb3&#8243; mobile_width=\u00bb7&#8243; css_animation=\u00bbalpha-anim\u00bb zoom_width=\u00bb0&#8243; zoom_height=\u00bb0&#8243; width=\u00bb1\/2&#8243;][vc_single_image media=\u00bb88042&#8243; media_width_percent=\u00bb100&#8243; shape=\u00bbimg-round\u00bb][\/vc_column_inner][vc_column_inner column_width_percent=\u00bb100&#8243; align_horizontal=\u00bbalign_center\u00bb gutter_size=\u00bb3&#8243; font_family=\u00bbfont-329340&#8243; overlay_alpha=\u00bb100&#8243; shift_x=\u00bb0&#8243; shift_y=\u00bb0&#8243; shift_y_down=\u00bb0&#8243; z_index=\u00bb0&#8243; medium_width=\u00bb3&#8243; mobile_width=\u00bb7&#8243; css_animation=\u00bbalpha-anim\u00bb animation_delay=\u00bb400&#8243; zoom_width=\u00bb0&#8243; zoom_height=\u00bb0&#8243; width=\u00bb1\/2&#8243;][vc_icon icon=\u00bbfa fa-bolt\u00bb text_font=\u00bbfont-156269&#8243; text_size=\u00bbh4&#8243; text_weight=\u00bb400&#8243; text_space=\u00bbfontspace-781688&#8243; linked_title=\u00bbyes\u00bb text_reduced=\u00bbyes\u00bb align=\u00bbleft\u00bb title=\u00bbXiaomi Mi Electric Scooter M365&#8243; uncode_shortcode_id=\u00bb122928&#8243;]El modelo que tenemos es el\u00a0<strong><u>Xiaomi Mi Electric Scooter M365<\/u><\/strong>. Es el mejor patinete el\u00e9ctrico para disfrutar de la ciudad de Palma. Con este patinete puede elegir entre dos modos de conducci\u00f3n diferentes, normal y eco. El modo normal te permitir\u00e1 circular a la velocidad m\u00e1xima, 25 km\/h y con un alcance de 30 kil\u00f3metros. De lo contrario, si decides seleccionar el modo ecol\u00f3gico, podr\u00e1s ahorrar energ\u00eda y recorrer una distancia mayor. Este modo ecol\u00f3gico solo te permitir\u00e1 circular a una velocidad m\u00e1xima de 18 km\/h.<\/p>\n<p>Este patinete el\u00e9ctrico viene con un doble sistema de frenos que lo hace realmente seguro. Este sistema de frenos le permitir\u00e1 detenerse completamente en solo 4 metros.<\/p>\n<p>Ofrecemos los mejores precios de la ciudad. Nuestros precios se adaptan a sus necesidades; puede elegir entre alquilar un patinete el\u00e9ctrico por horas o todo el d\u00eda.<\/p>\n<p style=\"text-align: center;\"><strong>PRECIOS<\/strong><\/p>\n<p style=\"text-align: center;\">1h: 15 \u20ac<br \/>\n1 d\u00eda: 30 \u20ac<\/p>\n<p>[\/vc_icon][vc_button button_color=\u00bbcolor-100807&#8243; border_width=\u00bb0&#8243; link=\u00bburl:https%3A%2F%2Frentle.store%2Fcallnride%2Fproduct%2FNtosZSc4xClJivB7vOpD\u00bb button_color_type=\u00bbuncode-palette\u00bb uncode_shortcode_id=\u00bb700990&#8243;]\u00a1Reserva tu patinete el\u00e9ctrico ahora![\/vc_button][\/vc_column_inner][\/vc_row_inner][vc_row_inner limit_content=\u00bb\u00bb][vc_column_inner width=\u00bb1\/1&#8243;][vc_separator sep_color=\u00bbcolor-jevc\u00bb][\/vc_column_inner][\/vc_row_inner][\/vc_column][\/vc_row][vc_row unlock_row_content=\u00bbyes\u00bb row_height_percent=\u00bb100&#8243; override_padding=\u00bbyes\u00bb h_padding=\u00bb5&#8243; top_padding=\u00bb3&#8243; bottom_padding=\u00bb3&#8243; back_color=\u00bbcolor-100807&#8243; overlay_alpha=\u00bb80&#8243; gutter_size=\u00bb4&#8243; column_width_percent=\u00bb100&#8243; shift_y=\u00bb0&#8243; z_index=\u00bb0&#8243;][vc_column column_width_percent=\u00bb100&#8243; position_vertical=\u00bbmiddle\u00bb gutter_size=\u00bb3&#8243; style=\u00bbdark\u00bb overlay_alpha=\u00bb50&#8243; shift_x=\u00bb0&#8243; shift_y=\u00bb0&#8243; shift_y_down=\u00bb0&#8243; z_index=\u00bb0&#8243; medium_width=\u00bb4&#8243; align_mobile=\u00bbalign_center_mobile\u00bb mobile_width=\u00bb0&#8243; width=\u00bb1\/2&#8243;][vc_custom_heading heading_semantic=\u00bbh3&#8243; text_size=\u00bbfontsize-155944&#8243; uncode_shortcode_id=\u00bb162823&#8243;]Puedes encontrarnos en la <span style=\"color: #0000ff;\"><a style=\"color: #0000ff;\" href=\"https:\/\/goo.gl\/maps\/2rkkmGzSNHo\" target=\"_blank\" rel=\"noopener nofollow\">Calle Can Puigdorfila 5<\/a><\/span>, en el centro de Palma de Mallorca.[\/vc_custom_heading][vc_column_text text_lead=\u00bbyes\u00bb uncode_shortcode_id=\u00bb161671&#8243;]Durante los d\u00edas c\u00e1lidos del verano podr\u00e1s descubrir la ciudad de Palma sin esfuerzo. Circula por los callejones de la ciudad, sus rincones escondidos y visita a los edificios m\u00e1s emblem\u00e1ticos de la ciudad. Una vez que haya visitado el centro de la ciudad, tambi\u00e9n puedes pasear por el paseo mar\u00edtimo, utilizando el carril bici pegado a la costa y disfrutar de la maravillosa bah\u00eda de Palma.[\/vc_column_text][vc_button border_width=\u00bb0&#8243; link=\u00bburl:https%3A%2F%2Frentle.store%2Fcallnride%2Fproduct%2FNtosZSc4xClJivB7vOpD\u00bb uncode_shortcode_id=\u00bb885580&#8243;]\u00a1Reserva tu patinete ahora![\/vc_button][\/vc_column][vc_column column_width_percent=\u00bb100&#8243; position_vertical=\u00bbmiddle\u00bb gutter_size=\u00bb3&#8243; overlay_alpha=\u00bb50&#8243; shift_x=\u00bb0&#8243; shift_y=\u00bb0&#8243; shift_y_down=\u00bb0&#8243; z_index=\u00bb0&#8243; medium_width=\u00bb4&#8243; mobile_width=\u00bb0&#8243; width=\u00bb1\/2&#8243;][vc_single_image media=\u00bb88040&#8243; media_width_percent=\u00bb100&#8243; media_ratio=\u00bbone-one\u00bb shadow=\u00bbyes\u00bb shadow_weight=\u00bbxl\u00bb][\/vc_column][\/vc_row][vc_row row_height_percent=\u00bb100&#8243; back_color=\u00bbcolor-lxmt\u00bb overlay_alpha=\u00bb50&#8243; equal_height=\u00bbyes\u00bb gutter_size=\u00bb0&#8243; column_width_percent=\u00bb100&#8243; shift_y=\u00bb0&#8243; z_index=\u00bb0&#8243; el_class=\u00bbgradient\u00bb row_name=\u00bbfaqs\u00bb][vc_column column_width_percent=\u00bb100&#8243; position_vertical=\u00bbmiddle\u00bb align_horizontal=\u00bbalign_center\u00bb gutter_size=\u00bb4&#8243; override_padding=\u00bbyes\u00bb column_padding=\u00bb0&#8243; font_family=\u00bbfont-329340&#8243; overlay_alpha=\u00bb50&#8243; shift_x=\u00bb0&#8243; shift_y=\u00bb0&#8243; shift_y_down=\u00bb0&#8243; z_index=\u00bb0&#8243; medium_width=\u00bb0&#8243; mobile_width=\u00bb0&#8243; css_animation=\u00bbalpha-anim\u00bb width=\u00bb1\/1&#8243;][vc_custom_heading text_font=\u00bbfont-329340&#8243; text_size=\u00bbh1&#8243; text_weight=\u00bb400&#8243; text_space=\u00bbfontspace-781688&#8243; uncode_shortcode_id=\u00bb118641&#8243;]Preguntas frecuentes sobre alquiler de patinetes el\u00e9ctricos en Call&amp;Ride Mallorca[\/vc_custom_heading][vc_accordion][vc_accordion_tab gutter_size=\u00bb2&#8243; column_padding=\u00bb2&#8243; title=\u00bb\u00bfC\u00f3mo funciona el alquiler de patinetes el\u00e9ctricos?\u00bb tab_id=\u00bb1620110442-1-23&#8243;][vc_column_text uncode_shortcode_id=\u00bb212869&#8243;]Puedes reservar en nuestra web o pasar por nuestra tienda. Estamos situados en la <strong><a href=\"https:\/\/goo.gl\/maps\/2rkkmGzSNHo\" target=\"_blank\" rel=\"noopener nofollow\">calle Can Puigdorfila 5, en el centro de Palma<\/a>.<\/strong><br \/>\nUna vez en nuestra tienda, tendr\u00e1s que mostrarnos un documento de identidad con foto y una tarjeta de cr\u00e9dito o d\u00e9bito para rellenar el contrato de alquiler con tus datos. Una vez rellenado el contrato de alquiler, te ense\u00f1aremos el funcionamiento del patinete el\u00e9ctrico para que puedas conducirlo con total seguridad.\u00a1Disfruta de Palma rindiendo en un patinete el\u00e9ctrico![\/vc_column_text][\/vc_accordion_tab][vc_accordion_tab gutter_size=\u00bb2&#8243; column_padding=\u00bb2&#8243; title=\u00bb\u00bfD\u00f3nde se encuentra situada la tienda de Call&amp;Ride Mallorca?\u00bb tab_id=\u00bb1620110442-2-84&#8243;][vc_column_text uncode_shortcode_id=\u00bb213457&#8243;]Estamos situados en la<a href=\"https:\/\/goo.gl\/maps\/XmhjFFbd22vH9SgN8\" target=\"_blank\" rel=\"noopener nofollow\"><strong> calle Can Puigdorfila 5<\/strong>,<\/a> a menos de 5 minutos andando de la Catedral de Mallorca, en pleno centro hist\u00f3rico de Palma.[\/vc_column_text][\/vc_accordion_tab][vc_accordion_tab gutter_size=\u00bb2&#8243; column_padding=\u00bb2&#8243; title=\u00bb\u00bfEs necesario hacer una reserva?\u00bb tab_id=\u00bb1620111172148-2-4&#8243;][vc_column_text uncode_shortcode_id=\u00bb151433&#8243;]Siempre aconsejamos hacer una reserva para garantizar que tengas patinetes disponibles.[\/vc_column_text][\/vc_accordion_tab][vc_accordion_tab gutter_size=\u00bb2&#8243; column_padding=\u00bb2&#8243; title=\u00bb\u00bfQu\u00e9 documentaci\u00f3n necesito para alquilar un patinete?\u00bb tab_id=\u00bb1620111174887-3-4&#8243;][vc_column_text uncode_shortcode_id=\u00bb594048&#8243;]Es necesario que traigas un documento identificativo (DNI, pasaporte o similar) y una tarjeta de cr\u00e9dito o d\u00e9bito.[\/vc_column_text][\/vc_accordion_tab][vc_accordion_tab gutter_size=\u00bb2&#8243; column_padding=\u00bb2&#8243; title=\u00bb\u00bfEs necesario tener el carnet de conducir para alquilar un patinete?\u00bb tab_id=\u00bb1620113553317-4-3&#8243;][vc_column_text uncode_shortcode_id=\u00bb108216&#8243;]No. No necesitas ninguna licencia para alquilar un patinete el\u00e9ctrico.[\/vc_column_text][\/vc_accordion_tab][vc_accordion_tab gutter_size=\u00bb2&#8243; column_padding=\u00bb2&#8243; title=\u00bb\u00bfCu\u00e1nto cuesta alquilar un patinete el\u00e9ctrico?\u00bb tab_id=\u00bb1620113593723-5-3&#8243;][vc_column_text uncode_shortcode_id=\u00bb373877&#8243;]El precio del alquiler del patinete es de 15 euros la hora o 30 euros el d\u00eda. Este precio incluye el alquiler del patinete, el casco y el seguro de responsabilidad civil.[\/vc_column_text][\/vc_accordion_tab][vc_accordion_tab gutter_size=\u00bb2&#8243; column_padding=\u00bb2&#8243; title=\u00bb\u00bfPor d\u00f3nde puedo circular con el patinete el\u00e9ctrico?\u00bb tab_id=\u00bb1620113645919-6-4&#8243;][vc_column_text uncode_shortcode_id=\u00bb770088&#8243;]La normativa de Palma establece que se puede circular con patinete el\u00e9ctrico por calles limitadas a una velocidad de 30 km\/h y carriles bici. Est\u00e1 prohibido circular por aceras y zonas peatonales.[\/vc_column_text][\/vc_accordion_tab][vc_accordion_tab gutter_size=\u00bb2&#8243; column_padding=\u00bb2&#8243; title=\u00bb\u00bfHay una edad m\u00ednima para alquilar patinetes el\u00e9ctricos?\u00bb tab_id=\u00bb1620113689795-7-10&#8243;][vc_column_text uncode_shortcode_id=\u00bb148584&#8243;]Es necesario tener al menos 15 a\u00f1os para poder alquilar un patinete el\u00e9ctrico.[\/vc_column_text][\/vc_accordion_tab][\/vc_accordion][vc_raw_js]JTNDc2NyaXB0JTIwdHlwZSUzRCUyMmFwcGxpY2F0aW9uJTJGbGQlMkJqc29uJTIyJTNFJTBBJTdCJTBBJTIwJTIwJTIyJTQwY29udGV4dCUyMiUzQSUyMCUyMmh0dHBzJTNBJTJGJTJGc2NoZW1hLm9yZyUyMiUyQyUwQSUyMCUyMCUyMiU0MHR5cGUlMjIlM0ElMjAlMjJGQVFQYWdlJTIyJTJDJTBBJTIwJTIwJTIybWFpbkVudGl0eSUyMiUzQSUyMCU1QiU3QiUwQSUyMCUyMCUyMCUyMCUyMiU0MHR5cGUlMjIlM0ElMjAlMjJRdWVzdGlvbiUyMiUyQyUwQSUyMCUyMCUyMCUyMCUyMm5hbWUlMjIlM0ElMjAlMjIlQzIlQkZDJUMzJUIzbW8lMjBmdW5jaW9uYSUyMGVsJTIwYWxxdWlsZXIlMjBkZSUyMHBhdGluZXRlcyUyMGVsJUMzJUE5Y3RyaWNvcyUzRiUyMiUyQyUwQSUyMCUyMCUyMCUyMCUyMmFjY2VwdGVkQW5zd2VyJTIyJTNBJTIwJTdCJTBBJTIwJTIwJTIwJTIwJTIwJTIwJTIyJTQwdHlwZSUyMiUzQSUyMCUyMkFuc3dlciUyMiUyQyUwQSUyMCUyMCUyMCUyMCUyMCUyMCUyMnRleHQlMjIlM0ElMjAlMjJQdWVkZXMlMjBoYWNlciUyMHVuYSUyMHJlc2VydmElMjBlbiUyMG51ZXN0cmElMjBwJUMzJUExZ2luYSUyMHdlYiUyMG8lMjB2ZW5pciUyMGRpcmVjdGFtZW50ZSUyMGElMjBudWVzdHJhJTIwdGllbmRhLiUyMEVzdGFtb3MlMjBzaXR1YWRvcyUyMGVuJTIwbGElMjBjYWxsZSUyMENhbiUyMFB1aWdkb3JmaWxhJTIwNSUyQyUyMGVuJTIwZWwlMjBjZW50cm8lMjBkZSUyMFBhbG1hLiUyMiUwQSUyMCUyMCUyMCUyMCU3RCUwQSUyMCUyMCU3RCUyQyU3QiUwQSUyMCUyMCUyMCUyMCUyMiU0MHR5cGUlMjIlM0ElMjAlMjJRdWVzdGlvbiUyMiUyQyUwQSUyMCUyMCUyMCUyMCUyMm5hbWUlMjIlM0ElMjAlMjIlQzIlQkZEJUMzJUIzbmRlJTIwc2UlMjBlbmN1ZW50cmElMjBzaXR1YWRhJTIwbGElMjB0aWVuZGElMjBkZSUyMENhbGwlMjZSaWRlJTIwTWFsbG9yY2ElM0YlMjIlMkMlMEElMjAlMjAlMjAlMjAlMjJhY2NlcHRlZEFuc3dlciUyMiUzQSUyMCU3QiUwQSUyMCUyMCUyMCUyMCUyMCUyMCUyMiU0MHR5cGUlMjIlM0ElMjAlMjJBbnN3ZXIlMjIlMkMlMEElMjAlMjAlMjAlMjAlMjAlMjAlMjJ0ZXh0JTIyJTNBJTIwJTIyRXN0YW1vcyUyMHNpdHVhZG9zJTIwZW4lMjBsYSUyMGNhbGxlJTIwQ2FuJTIwUHVpZ2RvcmZpbGElMjA1JTJDJTIwYSUyMG1lbm9zJTIwZGUlMjA1JTIwbWludXRvcyUyMGFuZGFuZG8lMjBkZSUyMGxhJTIwQ2F0ZWRyYWwlMjBkZSUyME1hbGxvcmNhJTJDJTIwZW4lMjBwbGVubyUyMGNlbnRybyUyMGhpc3QlQzMlQjNyaWNvJTIwZGUlMjBQYWxtYS4lMjIlMEElMjAlMjAlMjAlMjAlN0QlMEElMjAlMjAlN0QlMkMlN0IlMEElMjAlMjAlMjAlMjAlMjIlNDB0eXBlJTIyJTNBJTIwJTIyUXVlc3Rpb24lMjIlMkMlMEElMjAlMjAlMjAlMjAlMjJuYW1lJTIyJTNBJTIwJTIyJUMyJUJGRXMlMjBuZWNlc2FyaW8lMjBoYWNlciUyMHVuYSUyMHJlc2VydmElM0YlMjIlMkMlMEElMjAlMjAlMjAlMjAlMjJhY2NlcHRlZEFuc3dlciUyMiUzQSUyMCU3QiUwQSUyMCUyMCUyMCUyMCUyMCUyMCUyMiU0MHR5cGUlMjIlM0ElMjAlMjJBbnN3ZXIlMjIlMkMlMEElMjAlMjAlMjAlMjAlMjAlMjAlMjJ0ZXh0JTIyJTNBJTIwJTIyU2llbXByZSUyMGFjb25zZWphbW9zJTIwaGFjZXIlMjB1bmElMjByZXNlcnZhJTIwcGFyYSUyMGdhcmFudGl6YXIlMjBxdWUlMjB0ZW5nYXMlMjBwYXRpbmV0ZXMlMjBkaXNwb25pYmxlcy4lMjIlMEElMjAlMjAlMjAlMjAlN0QlMEElMjAlMjAlN0QlMkMlN0IlMEElMjAlMjAlMjAlMjAlMjIlNDB0eXBlJTIyJTNBJTIwJTIyUXVlc3Rpb24lMjIlMkMlMEElMjAlMjAlMjAlMjAlMjJuYW1lJTIyJTNBJTIwJTIyJUMyJUJGUXUlQzMlQTklMjBkb2N1bWVudGFjaSVDMyVCM24lMjBuZWNlc2l0byUyMHBhcmElMjBhbHF1aWxhciUyMHVuJTIwcGF0aW5ldGUlM0YlMjIlMkMlMEElMjAlMjAlMjAlMjAlMjJhY2NlcHRlZEFuc3dlciUyMiUzQSUyMCU3QiUwQSUyMCUyMCUyMCUyMCUyMCUyMCUyMiU0MHR5cGUlMjIlM0ElMjAlMjJBbnN3ZXIlMjIlMkMlMEElMjAlMjAlMjAlMjAlMjAlMjAlMjJ0ZXh0JTIyJTNBJTIwJTIyRXMlMjBuZWNlc2FyaW8lMjBxdWUlMjB0cmFpZ2FzJTIwdW4lMjBkb2N1bWVudG8lMjBpZGVudGlmaWNhdGl2byUyMCUyOEROSSUyQyUyMHBhc2Fwb3J0ZSUyMG8lMjBzaW1pbGFyJTI5JTIweSUyMHVuYSUyMHRhcmpldGElMjBkZSUyMGNyJUMzJUE5ZGl0byUyMG8lMjBkJUMzJUE5Yml0by4lMjIlMEElMjAlMjAlMjAlMjAlN0QlMEElMjAlMjAlN0QlMkMlN0IlMEElMjAlMjAlMjAlMjAlMjIlNDB0eXBlJTIyJTNBJTIwJTIyUXVlc3Rpb24lMjIlMkMlMEElMjAlMjAlMjAlMjAlMjJuYW1lJTIyJTNBJTIwJTIyJUMyJUJGRXMlMjBuZWNlc2FyaW8lMjB0ZW5lciUyMGVsJTIwY2FybmV0JTIwZGUlMjBjb25kdWNpciUyMHBhcmElMjBhbHF1aWxhciUyMHVuJTIwcGF0aW5ldGUlM0YlMjIlMkMlMEElMjAlMjAlMjAlMjAlMjJhY2NlcHRlZEFuc3dlciUyMiUzQSUyMCU3QiUwQSUyMCUyMCUyMCUyMCUyMCUyMCUyMiU0MHR5cGUlMjIlM0ElMjAlMjJBbnN3ZXIlMjIlMkMlMEElMjAlMjAlMjAlMjAlMjAlMjAlMjJ0ZXh0JTIyJTNBJTIwJTIyTm8uJTIwTm8lMjBuZWNlc2l0YXMlMjBuaW5ndW5hJTIwbGljZW5jaWElMjBwYXJhJTIwYWxxdWlsYXIlMjB1biUyMHBhdGluZXRlJTIwZWwlQzMlQTljdHJpY28uJTIyJTBBJTIwJTIwJTIwJTIwJTdEJTBBJTIwJTIwJTdEJTJDJTdCJTBBJTIwJTIwJTIwJTIwJTIyJTQwdHlwZSUyMiUzQSUyMCUyMlF1ZXN0aW9uJTIyJTJDJTBBJTIwJTIwJTIwJTIwJTIybmFtZSUyMiUzQSUyMCUyMiVDMiVCRkN1JUMzJUExbnRvJTIwY3Vlc3RhJTIwYWxxdWlsYXIlMjB1biUyMHBhdGluZXRlJTIwZWwlQzMlQTljdHJpY28lM0YlMjIlMkMlMEElMjAlMjAlMjAlMjAlMjJhY2NlcHRlZEFuc3dlciUyMiUzQSUyMCU3QiUwQSUyMCUyMCUyMCUyMCUyMCUyMCUyMiU0MHR5cGUlMjIlM0ElMjAlMjJBbnN3ZXIlMjIlMkMlMEElMjAlMjAlMjAlMjAlMjAlMjAlMjJ0ZXh0JTIyJTNBJTIwJTIyRWwlMjBwcmVjaW8lMjBkZWwlMjBhbHF1aWxlciUyMGRlbCUyMHBhdGluZXRlJTIwZXMlMjBkZSUyMDE1JTIwZXVyb3MlMjBsYSUyMGhvcmElMjBvJTIwMzAlMjBldXJvcyUyMGVsJTIwZCVDMyVBRGEuJTIwRXN0ZSUyMHByZWNpbyUyMGluY2x1eWUlMjBlbCUyMGFscXVpbGVyJTIwZGVsJTIwcGF0aW5ldGUlMkMlMjBlbCUyMGNhc2NvJTIweSUyMGVsJTIwc2VndXJvJTIwZGUlMjByZXNwb25zYWJpbGlkYWQlMjBjaXZpbC4lMjIlMEElMjAlMjAlMjAlMjAlN0QlMEElMjAlMjAlN0QlMkMlN0IlMEElMjAlMjAlMjAlMjAlMjIlNDB0eXBlJTIyJTNBJTIwJTIyUXVlc3Rpb24lMjIlMkMlMEElMjAlMjAlMjAlMjAlMjJuYW1lJTIyJTNBJTIwJTIyJUMyJUJGUG9yJTIwZCVDMyVCM25kZSUyMHB1ZWRvJTIwY2lyY3VsYXIlMjBjb24lMjBlbCUyMHBhdGluZXRlJTIwZWwlQzMlQTljdHJpY28lM0YlMjIlMkMlMEElMjAlMjAlMjAlMjAlMjJhY2NlcHRlZEFuc3dlciUyMiUzQSUyMCU3QiUwQSUyMCUyMCUyMCUyMCUyMCUyMCUyMiU0MHR5cGUlMjIlM0ElMjAlMjJBbnN3ZXIlMjIlMkMlMEElMjAlMjAlMjAlMjAlMjAlMjAlMjJ0ZXh0JTIyJTNBJTIwJTIyTGElMjBub3JtYXRpdmElMjBkZSUyMFBhbG1hJTIwZXN0YWJsZWNlJTIwcXVlJTIwc2UlMjBwdWVkZSUyMGNpcmN1bGFyJTIwY29uJTIwcGF0aW5ldGUlMjBlbCVDMyVBOWN0cmljbyUyMHBvciUyMGNhbGxlcyUyMGxpbWl0YWRhcyUyMGElMjB1bmElMjB2ZWxvY2lkYWQlMjBkZSUyMDMwJTIwa20lMkZoJTIweSUyMGNhcnJpbGVzJTIwYmljaS4lMjBFc3QlQzMlQTElMjBwcm9oaWJpZG8lMjBjaXJjdWxhciUyMHBvciUyMGFjZXJhcyUyMHklMjB6b25hcyUyMHBlYXRvbmFsZXMuJTIyJTBBJTIwJTIwJTIwJTIwJTdEJTBBJTIwJTIwJTdEJTJDJTdCJTBBJTIwJTIwJTIwJTIwJTIyJTQwdHlwZSUyMiUzQSUyMCUyMlF1ZXN0aW9uJTIyJTJDJTBBJTIwJTIwJTIwJTIwJTIybmFtZSUyMiUzQSUyMCUyMiVDMiVCRkhheSUyMHVuYSUyMGVkYWQlMjBtJUMzJUFEbmltYSUyMHBhcmElMjBhbHF1aWxhciUyMHBhdGluZXRlcyUyMGVsJUMzJUE5Y3RyaWNvcyUzRiUyMiUyQyUwQSUyMCUyMCUyMCUyMCUyMmFjY2VwdGVkQW5zd2VyJTIyJTNBJTIwJTdCJTBBJTIwJTIwJTIwJTIwJTIwJTIwJTIyJTQwdHlwZSUyMiUzQSUyMCUyMkFuc3dlciUyMiUyQyUwQSUyMCUyMCUyMCUyMCUyMCUyMCUyMnRleHQlMjIlM0ElMjAlMjJFcyUyMG5lY2VzYXJpbyUyMHRlbmVyJTIwYWwlMjBtZW5vcyUyMDE1JTIwYSVDMyVCMW9zJTIwcGFyYSUyMHBvZGVyJTIwYWxxdWlsYXIlMjB1biUyMHBhdGluZXRlJTIwZWwlQzMlQTljdHJpY28uJTIyJTBBJTIwJTIwJTIwJTIwJTdEJTBBJTIwJTIwJTdEJTVEJTBBJTdEJTBBJTNDJTJGc2NyaXB0JTNF[\/vc_raw_js][\/vc_column][\/vc_row][vc_row row_height_percent=\u00bb100&#8243; back_color=\u00bbcolor-lxmt\u00bb overlay_alpha=\u00bb50&#8243; equal_height=\u00bbyes\u00bb gutter_size=\u00bb0&#8243; column_width_percent=\u00bb100&#8243; shift_y=\u00bb0&#8243; z_index=\u00bb0&#8243; el_class=\u00bbgradient\u00bb row_name=\u00bbOur blog\u00bb uncode_shortcode_id=\u00bb199141&#8243; back_color_type=\u00bbuncode-palette\u00bb][vc_column column_width_percent=\u00bb100&#8243; position_vertical=\u00bbmiddle\u00bb align_horizontal=\u00bbalign_center\u00bb gutter_size=\u00bb4&#8243; override_padding=\u00bbyes\u00bb column_padding=\u00bb0&#8243; font_family=\u00bbfont-329340&#8243; overlay_alpha=\u00bb50&#8243; shift_x=\u00bb0&#8243; shift_y=\u00bb0&#8243; shift_y_down=\u00bb0&#8243; z_index=\u00bb0&#8243; medium_width=\u00bb0&#8243; mobile_width=\u00bb0&#8243; css_animation=\u00bbalpha-anim\u00bb width=\u00bb1\/1&#8243;][vc_custom_heading text_font=\u00bbfont-329340&#8243; text_size=\u00bbh1&#8243; text_weight=\u00bb400&#8243; text_space=\u00bbfontspace-781688&#8243; uncode_shortcode_id=\u00bb577281&#8243;]Nuestro blog[\/vc_custom_heading][uncode_index el_id=\u00bbindex-3&#8243; index_type=\u00bbcarousel\u00bb loop=\u00bbsize:3|order_by:date|post_type:post\u00bb carousel_lg=\u00bb3&#8243; carousel_md=\u00bb2&#8243; carousel_sm=\u00bb1&#8243; thumb_size=\u00bbtwo-one\u00bb gutter_size=\u00bb3&#8243; post_items=\u00bbmedia|featured|onpost|original,date,title,sep-one|full,extra,icon\u00bb portfolio_items=\u00bbmedia|featured|onpost|original,icon|md\u00bb carousel_interval=\u00bb0&#8243; carousel_navspeed=\u00bb400&#8243; carousel_overflow=\u00bbyes\u00bb carousel_dots_mobile=\u00bbyes\u00bb stage_padding=\u00bb0&#8243; single_back_color=\u00bbcolor-xsdn\u00bb single_shape=\u00bbround\u00bb radius=\u00bbxs\u00bb single_overlay_color=\u00bbcolor-nhtu\u00bb single_overlay_opacity=\u00bb20&#8243; single_h_align=\u00bbcenter\u00bb single_padding=\u00bb2&#8243; single_title_family=\u00bbfont-329340&#8243; single_title_dimension=\u00bbh4&#8243; single_title_weight=\u00bb400&#8243; single_title_space=\u00bbfontspace-781688&#8243; single_text_lead=\u00bbyes\u00bb single_shadow=\u00bbyes\u00bb shadow_weight=\u00bblg\u00bb single_border=\u00bbyes\u00bb single_css_animation=\u00bbzoom-in\u00bb no_double_tap=\u00bbyes\u00bb single_icon=\u00bbfa fa-plus2&#8243;][vc_row_inner row_inner_height_percent=\u00bb0&#8243; overlay_alpha=\u00bb50&#8243; gutter_size=\u00bb3&#8243; shift_y=\u00bb0&#8243; z_index=\u00bb0&#8243; mobile_visibility=\u00bbyes\u00bb limit_content=\u00bb\u00bb][vc_column_inner column_width_percent=\u00bb100&#8243; align_horizontal=\u00bbalign_center\u00bb gutter_size=\u00bb3&#8243; overlay_alpha=\u00bb50&#8243; shift_x=\u00bb0&#8243; shift_y=\u00bb0&#8243; shift_y_down=\u00bb0&#8243; z_index=\u00bb0&#8243; medium_width=\u00bb0&#8243; mobile_width=\u00bb0&#8243; width=\u00bb1\/1&#8243;][vc_button button_color=\u00bbaccent\u00bb border_width=\u00bb0&#8243; link=\u00bburl:https%3A%2F%2F2021.callandridemallorca.com%2Fblog%2F\u00bb button_color_type=\u00bbuncode-palette\u00bb uncode_shortcode_id=\u00bb145371&#8243;]M\u00e1s noticias[\/vc_button][\/vc_column_inner][\/vc_row_inner][\/vc_column][\/vc_row]<\/p>\n","protected":false},"excerpt":{"rendered":"<p>[vc_row unlock_row_content=\u00bbyes\u00bb row_height_percent=\u00bb100&#8243; back_image=\u00bb88137&#8243; overlay_alpha=\u00bb67&#8243; equal_height=\u00bbyes\u00bb gutter_size=\u00bb0&#8243; column_width_use_pixel=\u00bbyes\u00bb shift_y=\u00bb0&#8243; z_index=\u00bb0&#8243; row_name=\u00bbWelcome\u00bb][vc_column column_width_percent=\u00bb100&#8243; position_vertical=\u00bbmiddle\u00bb align_horizontal=\u00bbalign_center\u00bb gutter_size=\u00bb2&#8243; style=\u00bbdark\u00bb overlay_alpha=\u00bb50&#8243; shift_x=\u00bb0&#8243; shift_y=\u00bb0&#8243; shift_y_down=\u00bb0&#8243; [&hellip;]<\/p>\n","protected":false},"author":1,"featured_media":0,"parent":0,"menu_order":0,"comment_status":"closed","ping_status":"closed","template":"","meta":[],"_links":{"self":[{"href":"https:\/\/2021.callandridemallorca.com\/es\/wp-json\/wp\/v2\/pages\/88692"}],"collection":[{"href":"https:\/\/2021.callandridemallorca.com\/es\/wp-json\/wp\/v2\/pages"}],"about":[{"href":"https:\/\/2021.callandridemallorca.com\/es\/wp-json\/wp\/v2\/types\/page"}],"author":[{"embeddable":true,"href":"https:\/\/2021.callandridemallorca.com\/es\/wp-json\/wp\/v2\/users\/1"}],"replies":[{"embeddable":true,"href":"https:\/\/2021.callandridemallorca.com\/es\/wp-json\/wp\/v2\/comments?post=88692"}],"version-history":[{"count":10,"href":"https:\/\/2021.callandridemallorca.com\/es\/wp-json\/wp\/v2\/pages\/88692\/revisions"}],"predecessor-version":[{"id":88696,"href":"https:\/\/2021.callandridemallorca.com\/es\/wp-json\/wp\/v2\/pages\/88692\/revisions\/88696"}],"wp:attachment":[{"href":"https:\/\/2021.callandridemallorca.com\/es\/wp-json\/wp\/v2\/media?parent=88692"}],"curies":[{"name":"wp","href":"https:\/\/api.w.org\/{rel}","templated":true}]}}