{"id":88720,"date":"2021-03-09T11:57:39","date_gmt":"2021-03-09T11:57:39","guid":{"rendered":"https:\/\/2021.callandridemallorca.com\/left-luggage-palma-de-mallorca\/"},"modified":"2022-03-02T10:47:10","modified_gmt":"2022-03-02T10:47:10","slug":"consigna-equipajes-palma-mallorca","status":"publish","type":"page","link":"https:\/\/2021.callandridemallorca.com\/es\/consigna-equipajes-palma-mallorca\/","title":{"rendered":"Consiga maletas palma"},"content":{"rendered":"<p>[vc_row unlock_row_content=\u00bbyes\u00bb row_height_percent=\u00bb100&#8243; back_color=\u00bbcolor-nhtu\u00bb back_image=\u00bb88561&#8243; overlay_alpha=\u00bb67&#8243; equal_height=\u00bbyes\u00bb gutter_size=\u00bb0&#8243; column_width_use_pixel=\u00bbyes\u00bb shift_y=\u00bb0&#8243; z_index=\u00bb0&#8243; row_name=\u00bbWelcome\u00bb uncode_shortcode_id=\u00bb199422&#8243; back_color_type=\u00bbuncode-palette\u00bb][vc_column column_width_use_pixel=\u00bbyes\u00bb position_vertical=\u00bbmiddle\u00bb align_horizontal=\u00bbalign_center\u00bb gutter_size=\u00bb3&#8243; style=\u00bbdark\u00bb overlay_alpha=\u00bb50&#8243; shift_x=\u00bb0&#8243; shift_y=\u00bb0&#8243; shift_y_down=\u00bb0&#8243; z_index=\u00bb0&#8243; medium_width=\u00bb0&#8243; mobile_width=\u00bb0&#8243; width=\u00bb1\/1&#8243;][vc_row_inner row_inner_height_percent=\u00bb0&#8243; overlay_alpha=\u00bb50&#8243; gutter_size=\u00bb3&#8243; shift_y=\u00bb0&#8243; z_index=\u00bb0&#8243; limit_content=\u00bb\u00bb][vc_column_inner column_width_use_pixel=\u00bbyes\u00bb position_vertical=\u00bbmiddle\u00bb align_horizontal=\u00bbalign_center\u00bb gutter_size=\u00bb3&#8243; style=\u00bbdark\u00bb overlay_alpha=\u00bb50&#8243; shift_x=\u00bb0&#8243; shift_y=\u00bb0&#8243; shift_y_down=\u00bb0&#8243; z_index=\u00bb0&#8243; medium_width=\u00bb0&#8243; mobile_width=\u00bb0&#8243; width=\u00bb1\/1&#8243; column_width_pixel=\u00bb950&#8243;][vc_custom_heading heading_semantic=\u00bbh1&#8243; text_font=\u00bbfont-156269&#8243; text_size=\u00bbfontsize-338686&#8243; text_weight=\u00bb400&#8243; text_space=\u00bbfontspace-781688&#8243; css_animation=\u00bbcurtain\u00bb animation_delay=\u00bb200&#8243; interval_animation=\u00bb100&#8243; uncode_shortcode_id=\u00bb933600&#8243;]Consiga de equipajes en Palma[\/vc_custom_heading][\/vc_column_inner][\/vc_row_inner][vc_row_inner row_inner_height_percent=\u00bb0&#8243; overlay_alpha=\u00bb50&#8243; gutter_size=\u00bb3&#8243; shift_y=\u00bb0&#8243; z_index=\u00bb0&#8243; limit_content=\u00bb\u00bb][vc_column_inner column_width_use_pixel=\u00bbyes\u00bb position_vertical=\u00bbmiddle\u00bb align_horizontal=\u00bbalign_center\u00bb gutter_size=\u00bb3&#8243; style=\u00bbdark\u00bb overlay_alpha=\u00bb50&#8243; shift_x=\u00bb0&#8243; shift_y=\u00bb0&#8243; shift_y_down=\u00bb0&#8243; z_index=\u00bb0&#8243; medium_width=\u00bb0&#8243; mobile_width=\u00bb0&#8243; width=\u00bb1\/1&#8243; column_width_pixel=\u00bb740&#8243;][vc_column_text uncode_shortcode_id=\u00bb362595&#8243;]Taquillas para maletas en el centro de Palma[\/vc_column_text][vc_button border_width=\u00bb0&#8243; css_animation=\u00bbbottom-t-top\u00bb animation_delay=\u00bb800&#8243; link=\u00bburl:%23consignamaletas\u00bb uncode_shortcode_id=\u00bb149787&#8243;]M\u00e1s info[\/vc_button][\/vc_column_inner][\/vc_row_inner][\/vc_column][\/vc_row][vc_row row_height_percent=\u00bb70&#8243; overlay_alpha=\u00bb50&#8243; gutter_size=\u00bb3&#8243; column_width_percent=\u00bb100&#8243; shift_y=\u00bb0&#8243; z_index=\u00bb0&#8243; uncode_shortcode_id=\u00bb630377&#8243; row_name=\u00bbconsignamaletas\u00bb][vc_column width=\u00bb1\/1&#8243;][vc_row_inner row_inner_height_percent=\u00bb0&#8243; overlay_alpha=\u00bb50&#8243; gutter_size=\u00bb3&#8243; shift_y=\u00bb0&#8243; z_index=\u00bb0&#8243; limit_content=\u00bb\u00bb][vc_column_inner column_width_use_pixel=\u00bbyes\u00bb position_vertical=\u00bbmiddle\u00bb align_horizontal=\u00bbalign_center\u00bb gutter_size=\u00bb3&#8243; style=\u00bbdark\u00bb overlay_alpha=\u00bb50&#8243; shift_x=\u00bb0&#8243; shift_y=\u00bb0&#8243; shift_y_down=\u00bb0&#8243; z_index=\u00bb0&#8243; medium_width=\u00bb0&#8243; mobile_width=\u00bb0&#8243; width=\u00bb1\/1&#8243; column_width_pixel=\u00bb740&#8243;][vc_custom_heading text_font=\u00bbfont-329340&#8243; text_weight=\u00bb400&#8243; text_height=\u00bbfontheight-357766&#8243; uncode_shortcode_id=\u00bb195463&#8243;]<\/p>\n<h2 style=\"text-align: center;\"><span style=\"color: #000000;\">\u00bfNecesitas una consigna de equipajes en Palma de Mallorca?<br \/>\n<\/span><\/h2>\n<p>[\/vc_custom_heading][\/vc_column_inner][\/vc_row_inner][vc_row_inner][vc_column_inner width=\u00bb1\/2&#8243;]<div role=\"form\" class=\"wpcf7\" id=\"wpcf7-f89181-o1\" lang=\"en-US\" dir=\"ltr\">\n<div class=\"screen-reader-response\"><p role=\"status\" aria-live=\"polite\" aria-atomic=\"true\"><\/p> <ul><\/ul><\/div>\n<form action=\"\/es\/wp-json\/wp\/v2\/pages\/88720#wpcf7-f89181-o1\" method=\"post\" class=\"wpcf7-form init\" novalidate=\"novalidate\" data-status=\"init\">\n<div style=\"display: none;\">\n<input type=\"hidden\" name=\"_wpcf7\" value=\"89181\" \/>\n<input type=\"hidden\" name=\"_wpcf7_version\" value=\"5.5.6\" \/>\n<input type=\"hidden\" name=\"_wpcf7_locale\" value=\"en_US\" \/>\n<input type=\"hidden\" name=\"_wpcf7_unit_tag\" value=\"wpcf7-f89181-o1\" \/>\n<input type=\"hidden\" name=\"_wpcf7_container_post\" value=\"0\" \/>\n<input type=\"hidden\" name=\"_wpcf7_posted_data_hash\" value=\"\" \/>\n<\/div>\n<p><label> Nombre<br \/>\n    <span class=\"wpcf7-form-control-wrap your-name\"><input type=\"text\" name=\"your-name\" value=\"\" size=\"40\" class=\"wpcf7-form-control wpcf7-text wpcf7-validates-as-required\" aria-required=\"true\" aria-invalid=\"false\" \/><\/span> <\/label><\/p>\n<p><label> Apellido<br \/>\n    <span class=\"wpcf7-form-control-wrap surname\"><input type=\"text\" name=\"surname\" value=\"\" size=\"40\" class=\"wpcf7-form-control wpcf7-text wpcf7-validates-as-required\" aria-required=\"true\" aria-invalid=\"false\" \/><\/span> <\/label><\/p>\n<p><label> E-mail<br \/>\n    <span class=\"wpcf7-form-control-wrap your-email\"><input type=\"email\" name=\"your-email\" value=\"\" size=\"40\" class=\"wpcf7-form-control wpcf7-text wpcf7-email wpcf7-validates-as-required wpcf7-validates-as-email\" aria-required=\"true\" aria-invalid=\"false\" \/><\/span> <\/label><\/p>\n<p><label> \u00bfCuando quieres dejar tus maletas?<br \/>\n    <span class=\"wpcf7-form-control-wrap date-75\"><input type=\"date\" name=\"date-75\" value=\"\" class=\"wpcf7-form-control wpcf7-date wpcf7-validates-as-date\" aria-invalid=\"false\" \/><\/span> <\/label><\/p>\n<p><label> N\u00famero de maletas<br \/>\n     <span class=\"wpcf7-form-control-wrap maletas\"><input type=\"text\" name=\"maletas\" value=\"\" size=\"40\" class=\"wpcf7-form-control wpcf7-text wpcf7-validates-as-required\" aria-required=\"true\" aria-invalid=\"false\" \/><\/span> <\/label><\/p>\n<p><input type=\"submit\" value=\"Reservar\" class=\"wpcf7-form-control has-spinner wpcf7-submit\" \/><\/p>\n<input type='hidden' class='wpcf7-pum' value='{\"closepopup\":false,\"closedelay\":0,\"openpopup\":false,\"openpopup_id\":0}' \/><div class=\"wpcf7-response-output\" aria-hidden=\"true\"><\/div><\/form><\/div>[\/vc_column_inner][vc_column_inner width=\u00bb1\/2&#8243;][vc_column_text uncode_shortcode_id=\u00bb219558&#8243;]\u00bfNecesitas una consigna de equipajes en Palma de Mallorca hasta hacer el check in en tu piso u hotel? \u00bfTienes el vuelo por la tarde o noche y no sabes qu\u00e9 hacer con la maleta? No lo dudes, utiliza la \u00fanica consigna de equipajes en el centro de Palma (<strong><a href=\"https:\/\/www.google.es\/maps\/place\/call%26ride+Bike+Rental+and+Guided+Tours\/@39.5698333,2.6453985,17z\/data=!3m1!4b1!4m2!3m1!1s0x12978dc155555555:0x6c782de38ad399cf?hl=es\" target=\"_blank\" rel=\"noopener nofollow\">calle Can Puigdorfila 5<\/a><\/strong>). Puedes dejar tu equipaje todo el tiempo que quieras. Si lo necesitas, tambi\u00e9n puedes utilizar nuestro servicio de transfers a cualquier punto de la isla.<\/p>\n<p><span style=\"color: #000000;\"><strong>Precio por maleta:\u00a0<\/strong><\/span><\/p>\n<p><span style=\"color: #000000;\"><strong>Maleta de mano :<\/strong> 5\u20ac\/d\u00eda<\/span><\/p>\n<p><span style=\"color: #000000;\"><strong>Maleta grande : <\/strong>10\u20ac\/d\u00eda<\/span><\/p>\n<p><img class=\"alignnone size-full wp-image-88667\" src=\"https:\/\/2021.callandridemallorca.com\/wp-content\/uploads\/2021\/12\/unnamed.png\" alt=\"\" width=\"240\" height=\"240\" srcset=\"https:\/\/2021.callandridemallorca.com\/wp-content\/uploads\/2021\/12\/unnamed.png 240w, https:\/\/2021.callandridemallorca.com\/wp-content\/uploads\/2021\/12\/unnamed-150x150.png 150w\" sizes=\"(max-width: 240px) 100vw, 240px\" \/>[\/vc_column_text][\/vc_column_inner][\/vc_row_inner][\/vc_column][\/vc_row][vc_row unlock_row_content=\u00bbyes\u00bb row_height_percent=\u00bb100&#8243; override_padding=\u00bbyes\u00bb h_padding=\u00bb0&#8243; top_padding=\u00bb0&#8243; bottom_padding=\u00bb0&#8243; back_color=\u00bbcolor-xsdn\u00bb overlay_alpha=\u00bb50&#8243; equal_height=\u00bbyes\u00bb gutter_size=\u00bb0&#8243; column_width_percent=\u00bb100&#8243; shift_y=\u00bb0&#8243; z_index=\u00bb0&#8243; el_class=\u00bbinverted-device-order\u00bb uncode_shortcode_id=\u00bb180387&#8243; back_color_type=\u00bbuncode-palette\u00bb row_name=\u00bbwhere is call&amp;ride\u00bb][vc_column column_width_use_pixel=\u00bbyes\u00bb gutter_size=\u00bb3&#8243; override_padding=\u00bbyes\u00bb column_padding=\u00bb5&#8243; style=\u00bbdark\u00bb overlay_alpha=\u00bb50&#8243; shift_x=\u00bb0&#8243; shift_y=\u00bb0&#8243; shift_y_down=\u00bb0&#8243; z_index=\u00bb0&#8243; medium_width=\u00bb0&#8243; mobile_width=\u00bb0&#8243; width=\u00bb1\/2&#8243; column_width_pixel=\u00bb528&#8243;][vc_custom_heading text_color=\u00bbaccent\u00bb uncode_shortcode_id=\u00bb864084&#8243; text_color_type=\u00bbuncode-palette\u00bb]Consigna de maletas en Palma de Mallorca[\/vc_custom_heading][vc_column_text text_color=\u00bbcolor-jevc\u00bb uncode_shortcode_id=\u00bb993641&#8243; text_color_type=\u00bbuncode-palette\u00bb]Garantizamos la total fiabilidad del servicio ya que las maletas o bultos se almacenan en una estancia a la que solo tiene acceso el personal de call&amp;ride. Todas las maletas se precintar\u00e1n en el mismo momento que hagas entrega de las mismas para garantizarte que nadie las haya abierto cuando se proceda a su devoluci\u00f3n.<\/p>\n<p>Ofrecemos los precios m\u00e1s competitivos de Palma y adem\u00e1s si dejas la maleta en consigna y decides alquilar una bicicleta o realizar un tour guiado con nosotros, te beneficiar\u00e1s de nuestro descuento.[\/vc_column_text][vc_custom_heading text_color=\u00bbaccent\u00bb heading_semantic=\u00bbh3&#8243; text_size=\u00bbfontsize-155944&#8243; uncode_shortcode_id=\u00bb134976&#8243; text_color_type=\u00bbuncode-palette\u00bb]\u00bfD\u00f3nde puedo dejar mi maleta en Palma de Mallorca?[\/vc_custom_heading][vc_custom_heading text_color=\u00bbcolor-jevc\u00bb heading_semantic=\u00bbh3&#8243; uncode_shortcode_id=\u00bb129711&#8243; text_color_type=\u00bbuncode-palette\u00bb]\u00bfD\u00f3nde est\u00e1 Call&amp;Ride?[\/vc_custom_heading][vc_column_text text_lead=\u00bbyes\u00bb text_color=\u00bbcolor-jevc\u00bb uncode_shortcode_id=\u00bb192900&#8243; text_color_type=\u00bbuncode-palette\u00bb]Estamos situados en la calle <a href=\"https:\/\/goo.gl\/maps\/3rUVt4vpekw\" target=\"_blank\" rel=\"noopener nofollow\">Can Puigdorfila 5\u00a0<\/a> en pleno centro de Palma, a un minuto andando de la Plaza de la Reina, del Paseo del Borne o de la Plaza del Rey Juan Carlos I y a cinco minutos de la calle Jaime III, de la Plaza de Cort o de la Catedral de Palma.<\/p>\n<p>Adem\u00e1s de la consigna de equipajes, ofrecemos el mejor servicio de transfers en Mallorca. Contamos con minibuses con capacidad de hasta 20 personas, pero si fuera necesario se puede contratar m\u00e1s de uno. Contacta con nosotros para reservar tu transfer.<\/p>\n<p>Desde nuestro local la parada de taxis m\u00e1s cercana se encuentra situada en el Paseo del Borne a tan solo un minuto andando. La parada del autob\u00fas del aeropuerto (l\u00ednea 1) se encuentra en el Paseo Mallorca a menos de diez minutos andando.[\/vc_column_text][vc_empty_space empty_h=\u00bb1&#8243;][\/vc_column][vc_column column_width_percent=\u00bb100&#8243; gutter_size=\u00bb3&#8243; back_image=\u00bb88577&#8243; overlay_alpha=\u00bb50&#8243; shift_x=\u00bb0&#8243; shift_y=\u00bb0&#8243; shift_y_down=\u00bb0&#8243; z_index=\u00bb0&#8243; medium_width=\u00bb0&#8243; mobile_width=\u00bb0&#8243; width=\u00bb1\/2&#8243; mobile_height=\u00bb340&#8243; uncode_shortcode_id=\u00bb208247&#8243;][\/vc_column][\/vc_row][vc_row row_height_percent=\u00bb100&#8243; back_color=\u00bbcolor-lxmt\u00bb overlay_alpha=\u00bb50&#8243; equal_height=\u00bbyes\u00bb gutter_size=\u00bb0&#8243; column_width_percent=\u00bb100&#8243; shift_y=\u00bb0&#8243; z_index=\u00bb0&#8243; el_class=\u00bbgradient\u00bb row_name=\u00bbOur Blog\u00bb uncode_shortcode_id=\u00bb508297&#8243; back_color_type=\u00bbuncode-palette\u00bb][vc_column column_width_percent=\u00bb100&#8243; position_vertical=\u00bbmiddle\u00bb align_horizontal=\u00bbalign_center\u00bb gutter_size=\u00bb4&#8243; override_padding=\u00bbyes\u00bb column_padding=\u00bb0&#8243; font_family=\u00bbfont-329340&#8243; overlay_alpha=\u00bb50&#8243; shift_x=\u00bb0&#8243; shift_y=\u00bb0&#8243; shift_y_down=\u00bb0&#8243; z_index=\u00bb0&#8243; medium_width=\u00bb0&#8243; mobile_width=\u00bb0&#8243; css_animation=\u00bbalpha-anim\u00bb width=\u00bb1\/1&#8243;][vc_custom_heading text_font=\u00bbfont-329340&#8243; text_size=\u00bbh1&#8243; text_weight=\u00bb400&#8243; text_space=\u00bbfontspace-781688&#8243; uncode_shortcode_id=\u00bb504030&#8243;]Nuestro blog[\/vc_custom_heading][uncode_index el_id=\u00bbindex-3&#8243; index_type=\u00bbcarousel\u00bb loop=\u00bbsize:3|order_by:date|post_type:post\u00bb carousel_lg=\u00bb3&#8243; carousel_md=\u00bb2&#8243; carousel_sm=\u00bb1&#8243; thumb_size=\u00bbtwo-one\u00bb gutter_size=\u00bb3&#8243; post_items=\u00bbmedia|featured|onpost|original,date,title,sep-one|full,extra,icon\u00bb portfolio_items=\u00bbmedia|featured|onpost|original,icon|md\u00bb carousel_interval=\u00bb0&#8243; carousel_navspeed=\u00bb400&#8243; carousel_overflow=\u00bbyes\u00bb carousel_dots_mobile=\u00bbyes\u00bb stage_padding=\u00bb0&#8243; single_back_color=\u00bbcolor-xsdn\u00bb single_shape=\u00bbround\u00bb radius=\u00bbxs\u00bb single_overlay_color=\u00bbcolor-nhtu\u00bb single_overlay_opacity=\u00bb20&#8243; single_h_align=\u00bbcenter\u00bb single_padding=\u00bb2&#8243; single_title_family=\u00bbfont-329340&#8243; single_title_dimension=\u00bbh4&#8243; single_title_weight=\u00bb400&#8243; single_title_space=\u00bbfontspace-781688&#8243; single_text_lead=\u00bbyes\u00bb single_shadow=\u00bbyes\u00bb shadow_weight=\u00bblg\u00bb single_border=\u00bbyes\u00bb single_css_animation=\u00bbzoom-in\u00bb no_double_tap=\u00bbyes\u00bb single_icon=\u00bbfa fa-plus2&#8243;][vc_row_inner row_inner_height_percent=\u00bb0&#8243; overlay_alpha=\u00bb50&#8243; gutter_size=\u00bb3&#8243; shift_y=\u00bb0&#8243; z_index=\u00bb0&#8243; mobile_visibility=\u00bbyes\u00bb limit_content=\u00bb\u00bb][vc_column_inner column_width_percent=\u00bb100&#8243; align_horizontal=\u00bbalign_center\u00bb gutter_size=\u00bb3&#8243; overlay_alpha=\u00bb50&#8243; shift_x=\u00bb0&#8243; shift_y=\u00bb0&#8243; shift_y_down=\u00bb0&#8243; z_index=\u00bb0&#8243; medium_width=\u00bb0&#8243; mobile_width=\u00bb0&#8243; width=\u00bb1\/1&#8243;][vc_button button_color=\u00bbaccent\u00bb border_width=\u00bb0&#8243; css_animation=\u00bbbottom-t-top\u00bb animation_delay=\u00bb800&#8243; link=\u00bburl:#|||\u00bb button_color_type=\u00bbuncode-palette\u00bb uncode_shortcode_id=\u00bb103382&#8243;]Mas noticias[\/vc_button][\/vc_column_inner][\/vc_row_inner][vc_custom_heading text_font=\u00bbfont-329340&#8243; text_size=\u00bbh1&#8243; text_weight=\u00bb400&#8243; text_space=\u00bbfontspace-781688&#8243; uncode_shortcode_id=\u00bb206240&#8243;]<\/p>\n<h3>\u00bfC\u00f3mo funciona la consigna de equipajes de Call&amp;Ride?<\/h3>\n<p>[\/vc_custom_heading][vc_accordion][vc_accordion_tab gutter_size=\u00bb2&#8243; column_padding=\u00bb2&#8243; title=\u00bb\u00bfD\u00f3nde se encuentra situada la consigna de equipajes de Call&amp;Ride Mallorca?\u00bb tab_id=\u00bb1620110442-1-231642067897313&#8243;][vc_column_text uncode_shortcode_id=\u00bb206287&#8243;]Estamos situados en <a href=\"https:\/\/goo.gl\/maps\/2rkkmGzSNHo\" target=\"_blank\" rel=\"noopener nofollow\">Calle Can Puigdorfila 5<\/a>, a menos de 5 minutos andando de la Catedral de Mallorca, en pleno centro hist\u00f3rico de Palma.[\/vc_column_text][\/vc_accordion_tab][vc_accordion_tab gutter_size=\u00bb2&#8243; column_padding=\u00bb2&#8243; title=\u00bb\u00bfEs necesario hacer una reserva?\u00bb tab_id=\u00bb1620110442-2-841642067897313&#8243;][vc_column_text uncode_shortcode_id=\u00bb210804&#8243;]A pesar de que tenemos siempre espacio disponible en el dep\u00f3sito, aconsejamos hacer una reserva para que recibas un email con toda la informaci\u00f3n importante de la consigna.[\/vc_column_text][\/vc_accordion_tab][vc_accordion_tab gutter_size=\u00bb2&#8243; column_padding=\u00bb2&#8243; title=\u00bb\u00bfQu\u00e9 documentaci\u00f3n necesito para usar la consigna de equipajes?\u00bb tab_id=\u00bb1620111172148-2-41642067897313&#8243;][vc_column_text uncode_shortcode_id=\u00bb139273&#8243;]Es necesario que traigas un documento identificativo (DNI, pasaporte o similar).[\/vc_column_text][\/vc_accordion_tab][vc_accordion_tab gutter_size=\u00bb2&#8243; column_padding=\u00bb2&#8243; title=\u00bb\u00bfDurante cu\u00e1nto tiempo puedo dejar mis bultos en la consigna?\u00bb tab_id=\u00bb1620111174887-3-41642067897313&#8243;][vc_column_text uncode_shortcode_id=\u00bb200772&#8243;]No hay l\u00edmite de tiempo. Puedes dejar tus bultos tanto tiempo como necesites. Tenemos precios especiales para almacenamientos de larga duraci\u00f3n.[\/vc_column_text][\/vc_accordion_tab][vc_accordion_tab gutter_size=\u00bb2&#8243; column_padding=\u00bb2&#8243; title=\u00bb\u00bfQu\u00e9 est\u00e1 prohibido almacenar en la consigna de equipajes?\u00bb tab_id=\u00bb1620113553317-4-31642067897313&#8243;][vc_column_text uncode_shortcode_id=\u00bb153406&#8243;]No se pueden guardar mercanc\u00edas peligrosas como explosivos o l\u00edquidos inflamables.[\/vc_column_text][\/vc_accordion_tab][vc_accordion_tab gutter_size=\u00bb2&#8243; column_padding=\u00bb2&#8243; title=\u00bb\u00bfCu\u00e1nto cuesta guardar las maletas?\u00bb tab_id=\u00bb1620113593723-5-31642067897313&#8243;][vc_column_text uncode_shortcode_id=\u00bb129206&#8243;]El precio de la consigna de equipajes es de 5 o 10 euros por maleta al d\u00eda. Si la quieres dejar por 24 horas, el precio es el mismo.[\/vc_column_text][\/vc_accordion_tab][\/vc_accordion][vc_raw_js]JTNDc2NyaXB0JTIwdHlwZSUzRCUyMmFwcGxpY2F0aW9uJTJGbGQlMkJqc29uJTIyJTNFJTBBJTdCJTBBJTIwJTIwJTIyJTQwY29udGV4dCUyMiUzQSUyMCUyMmh0dHBzJTNBJTJGJTJGc2NoZW1hLm9yZyUyMiUyQyUwQSUyMCUyMCUyMiU0MHR5cGUlMjIlM0ElMjAlMjJGQVFQYWdlJTIyJTJDJTBBJTIwJTIwJTIybWFpbkVudGl0eSUyMiUzQSUyMCU1QiU3QiUwQSUyMCUyMCUyMCUyMCUyMiU0MHR5cGUlMjIlM0ElMjAlMjJRdWVzdGlvbiUyMiUyQyUwQSUyMCUyMCUyMCUyMCUyMm5hbWUlMjIlM0ElMjAlMjIlQzIlQkZEJUMzJUIzbmRlJTIwc2UlMjBlbmN1ZW50cmElMjBzaXR1YWRhJTIwbGElMjBjb25zaWduYSUyMGRlJTIwZXF1aXBhamVzJTIwZGUlMjBDYWxsJTI2UmlkZSUyME1hbGxvcmNhJTNGJTIyJTJDJTBBJTIwJTIwJTIwJTIwJTIyYWNjZXB0ZWRBbnN3ZXIlMjIlM0ElMjAlN0IlMEElMjAlMjAlMjAlMjAlMjAlMjAlMjIlNDB0eXBlJTIyJTNBJTIwJTIyQW5zd2VyJTIyJTJDJTBBJTIwJTIwJTIwJTIwJTIwJTIwJTIydGV4dCUyMiUzQSUyMCUyMkVzdGFtb3MlMjBzaXR1YWRvcyUyMGVuJTIwbGElMjBjYWxsZSUyMENhbiUyMFB1aWdkb3JmaWxhJTIwNSUyQyUyMGElMjBtZW5vcyUyMGRlJTIwNSUyMG1pbnV0b3MlMjBhbmRhbmRvJTIwZGUlMjBsYSUyMENhdGVkcmFsJTIwZGUlMjBNYWxsb3JjYSUyQyUyMGVuJTIwcGxlbm8lMjBjZW50cm8lMjBoaXN0JUMzJUIzcmljbyUyMGRlJTIwUGFsbWEuJTIyJTBBJTIwJTIwJTIwJTIwJTdEJTBBJTIwJTIwJTdEJTJDJTIwJTdCJTBBJTIwJTIwJTIwJTIwJTIyJTQwdHlwZSUyMiUzQSUyMCUyMlF1ZXN0aW9uJTIyJTJDJTBBJTIwJTIwJTIwJTIwJTIybmFtZSUyMiUzQSUyMCUyMiVDMiVCRkVzJTIwbmVjZXNhcmlvJTIwaGFjZXIlMjB1bmElMjByZXNlcnZhJTNGJTIyJTJDJTBBJTIwJTIwJTIwJTIwJTIyYWNjZXB0ZWRBbnN3ZXIlMjIlM0ElMjAlN0IlMEElMjAlMjAlMjAlMjAlMjAlMjAlMjIlNDB0eXBlJTIyJTNBJTIwJTIyQW5zd2VyJTIyJTJDJTBBJTIwJTIwJTIwJTIwJTIwJTIwJTIydGV4dCUyMiUzQSUyMCUyMkElMjBwZXNhciUyMGRlJTIwcXVlJTIwdGVuZW1vcyUyMHNpZW1wcmUlMjBlc3BhY2lvJTIwZGlzcG9uaWJsZSUyMGVuJTIwZWwlMjBkZXAlQzMlQjNzaXRvJTJDJTIwYWNvbnNlamFtb3MlMjBoYWNlciUyMHVuYSUyMHJlc2VydmElMjBwYXJhJTIwcXVlJTIwcmVjaWJhcyUyMHVuJTIwZW1haWwlMjBjb24lMjB0b2RhJTIwbGElMjBpbmZvcm1hY2klQzMlQjNuJTIwaW1wb3J0YW50ZSUyMGRlJTIwbGElMjBjb25zaWduYS4lMjIlMEElMjAlMjAlMjAlMjAlN0QlMEElMjAlMjAlN0QlMkMlMjAlN0IlMEElMjAlMjAlMjAlMjAlMjIlNDB0eXBlJTIyJTNBJTIwJTIyUXVlc3Rpb24lMjIlMkMlMEElMjAlMjAlMjAlMjAlMjJuYW1lJTIyJTNBJTIwJTIyJUMyJUJGUXUlQzMlQTklMjBkb2N1bWVudGFjaSVDMyVCM24lMjBuZWNlc2l0byUyMHBhcmElMjB1c2FyJTIwbGElMjBjb25zaWduYSUyMGRlJTIwZXF1aXBhamVzJTNGJTIyJTJDJTBBJTIwJTIwJTIwJTIwJTIyYWNjZXB0ZWRBbnN3ZXIlMjIlM0ElMjAlN0IlMEElMjAlMjAlMjAlMjAlMjAlMjAlMjIlNDB0eXBlJTIyJTNBJTIwJTIyQW5zd2VyJTIyJTJDJTBBJTIwJTIwJTIwJTIwJTIwJTIwJTIydGV4dCUyMiUzQSUyMCUyMkVzJTIwbmVjZXNhcmlvJTIwcXVlJTIwdHJhaWdhcyUyMHVuJTIwZG9jdW1lbnRvJTIwaWRlbnRpZmljYXRpdm8lMjAlMjhETkklMkMlMjBwYXNhcG9ydGUlMjBvJTIwc2ltaWxhciUyOS4lMjIlMEElMjAlMjAlMjAlMjAlN0QlMEElMjAlMjAlN0QlMkMlMjAlN0IlMEElMjAlMjAlMjAlMjAlMjIlNDB0eXBlJTIyJTNBJTIwJTIyUXVlc3Rpb24lMjIlMkMlMEElMjAlMjAlMjAlMjAlMjJuYW1lJTIyJTNBJTIwJTIyJUMyJUJGRHVyYW50ZSUyMGN1JUMzJUExbnRvJTIwdGllbXBvJTIwcHVlZG8lMjBkZWphciUyMG1pcyUyMGJ1bHRvcyUyMGVuJTIwbGElMjBjb25zaWduYSUzRiUyMiUyQyUwQSUyMCUyMCUyMCUyMCUyMmFjY2VwdGVkQW5zd2VyJTIyJTNBJTIwJTdCJTBBJTIwJTIwJTIwJTIwJTIwJTIwJTIyJTQwdHlwZSUyMiUzQSUyMCUyMkFuc3dlciUyMiUyQyUwQSUyMCUyMCUyMCUyMCUyMCUyMCUyMnRleHQlMjIlM0ElMjAlMjJObyUyMGhheSUyMGwlQzMlQURtaXRlJTIwZGUlMjB0aWVtcG8uJTIwUHVlZGVzJTIwZGVqYXIlMjB0dXMlMjBidWx0b3MlMjB0YW50byUyMHRpZW1wbyUyMGNvbW8lMjBuZWNlc2l0ZXMuJTIwVGVuZW1vcyUyMHByZWNpb3MlMjBlc3BlY2lhbGVzJTIwcGFyYSUyMGFsbWFjZW5hbWllbnRvcyUyMGRlJTIwbGFyZ2ElMjBkdXJhY2klQzMlQjNuLiUyMiUwQSUyMCUyMCUyMCUyMCU3RCUwQSUyMCUyMCU3RCUyQyUyMCU3QiUwQSUyMCUyMCUyMCUyMCUyMiU0MHR5cGUlMjIlM0ElMjAlMjJRdWVzdGlvbiUyMiUyQyUwQSUyMCUyMCUyMCUyMCUyMm5hbWUlMjIlM0ElMjAlMjIlQzIlQkZRdSVDMyVBOSUyMGVzdCVDMyVBMSUyMHByb2hpYmlkbyUyMGFsbWFjZW5hciUyMGVuJTIwbGElMjBjb25zaWduYSUyMGRlJTIwZXF1aXBhamVzJTNGJTIyJTJDJTBBJTIwJTIwJTIwJTIwJTIyYWNjZXB0ZWRBbnN3ZXIlMjIlM0ElMjAlN0IlMEElMjAlMjAlMjAlMjAlMjAlMjAlMjIlNDB0eXBlJTIyJTNBJTIwJTIyQW5zd2VyJTIyJTJDJTBBJTIwJTIwJTIwJTIwJTIwJTIwJTIydGV4dCUyMiUzQSUyMk5vJTIwc2UlMjBwdWVkZW4lMjBndWFyZGFyJTIwbWVyY2FuYyVDMyVBRGFzJTIwcGVsaWdyb3NhcyUyMGNvbW8lMjBleHBsb3Npdm9zJTIwbyUyMGwlQzMlQURxdWlkb3MlMjBpbmZsYW1hYmxlcy4lMjIlMEElMjAlMjAlMjAlMjAlN0QlMEElMjAlMjAlMjAlMjAlN0QlMkMlN0IlMEElMjAlMjAlMjAlMjAlMjAlMjAlMjIlNDB0eXBlJTIyJTNBJTIwJTIyUXVlc3Rpb24lMjIlMkMlMEElMjAlMjAlMjAlMjAlMjAlMjAlMjJuYW1lJTIyJTNBJTIwJTIyJUMyJUJGQ3UlQzMlQTFudG8lMjBjdWVzdGElMjBndWFyZGFyJTIwbGFzJTIwbWFsZXRhcyUzRiUyMiUyQyUwQSUyMCUyMCUyMCUyMCUyMCUyMCUyMmFjY2VwdGVkQW5zd2VyJTIyJTNBJTIwJTdCJTBBJTIwJTIwJTIwJTIwJTIwJTIwJTIwJTIwJTIyJTQwdHlwZSUyMiUzQSUyMCUyMkFuc3dlciUyMiUyQyUwQSUyMCUyMCUyMCUyMCUyMCUyMCUyMCUyMCUyMnRleHQlMjIlM0ElMjJFbCUyMHByZWNpbyUyMGRlJTIwbGElMjBjb25zaWduYSUyMGRlJTIwZXF1aXBhamVzJTIwZXMlMjBkZSUyMDUlMjBldXJvcyUyMHBvciUyMG1hbGV0YSUyMGFsJTIwZCVDMyVBRGEuJTIwU2klMjBsYSUyMHF1aWVyZXMlMjBkZWphciUyMHBvciUyMDI0JTIwaG9yYXMlMkMlMjBlbCUyMHByZWNpbyUyMGVzJTIwZWwlMjBtaXNtby4lMjIlMEElMjAlMjAlMjAlMjAlMjAlMjAlN0QlMEElMjAlMjAlMjAlMjAlMjAlMjAlN0QlMEElMjAlMjAlNUQlMEElMjAlMjAlN0QlMEElM0MlMkZzY3JpcHQlM0U=[\/vc_raw_js][\/vc_column][\/vc_row]<\/p>\n","protected":false},"excerpt":{"rendered":"<p>[vc_row unlock_row_content=\u00bbyes\u00bb row_height_percent=\u00bb100&#8243; back_color=\u00bbcolor-nhtu\u00bb back_image=\u00bb88561&#8243; overlay_alpha=\u00bb67&#8243; equal_height=\u00bbyes\u00bb gutter_size=\u00bb0&#8243; column_width_use_pixel=\u00bbyes\u00bb shift_y=\u00bb0&#8243; z_index=\u00bb0&#8243; row_name=\u00bbWelcome\u00bb uncode_shortcode_id=\u00bb199422&#8243; back_color_type=\u00bbuncode-palette\u00bb][vc_column column_width_use_pixel=\u00bbyes\u00bb position_vertical=\u00bbmiddle\u00bb align_horizontal=\u00bbalign_center\u00bb gutter_size=\u00bb3&#8243; style=\u00bbdark\u00bb overlay_alpha=\u00bb50&#8243; [&hellip;]<\/p>\n","protected":false},"author":1,"featured_media":88567,"parent":0,"menu_order":0,"comment_status":"closed","ping_status":"closed","template":"","meta":[],"_links":{"self":[{"href":"https:\/\/2021.callandridemallorca.com\/es\/wp-json\/wp\/v2\/pages\/88720"}],"collection":[{"href":"https:\/\/2021.callandridemallorca.com\/es\/wp-json\/wp\/v2\/pages"}],"about":[{"href":"https:\/\/2021.callandridemallorca.com\/es\/wp-json\/wp\/v2\/types\/page"}],"author":[{"embeddable":true,"href":"https:\/\/2021.callandridemallorca.com\/es\/wp-json\/wp\/v2\/users\/1"}],"replies":[{"embeddable":true,"href":"https:\/\/2021.callandridemallorca.com\/es\/wp-json\/wp\/v2\/comments?post=88720"}],"version-history":[{"count":11,"href":"https:\/\/2021.callandridemallorca.com\/es\/wp-json\/wp\/v2\/pages\/88720\/revisions"}],"predecessor-version":[{"id":89187,"href":"https:\/\/2021.callandridemallorca.com\/es\/wp-json\/wp\/v2\/pages\/88720\/revisions\/89187"}],"wp:featuredmedia":[{"embeddable":true,"href":"https:\/\/2021.callandridemallorca.com\/es\/wp-json\/wp\/v2\/media\/88567"}],"wp:attachment":[{"href":"https:\/\/2021.callandridemallorca.com\/es\/wp-json\/wp\/v2\/media?parent=88720"}],"curies":[{"name":"wp","href":"https:\/\/api.w.org\/{rel}","templated":true}]}}