{"id":88996,"date":"2021-05-04T07:44:27","date_gmt":"2021-05-04T07:44:27","guid":{"rendered":"https:\/\/2021.callandridemallorca.com\/bici-elettrica-palma\/"},"modified":"2022-02-26T18:31:16","modified_gmt":"2022-02-26T18:31:16","slug":"velo-electrique-palma","status":"publish","type":"page","link":"https:\/\/2021.callandridemallorca.com\/fr\/velo-electrique-palma\/","title":{"rendered":"e-bike FR"},"content":{"rendered":"<p>[vc_row unlock_row_content=\u00a0\u00bbyes\u00a0\u00bb row_height_percent=\u00a0\u00bb100&Prime; back_image=\u00a0\u00bb88152&Prime; overlay_alpha=\u00a0\u00bb67&Prime; equal_height=\u00a0\u00bbyes\u00a0\u00bb gutter_size=\u00a0\u00bb0&Prime; column_width_use_pixel=\u00a0\u00bbyes\u00a0\u00bb shift_y=\u00a0\u00bb0&Prime; z_index=\u00a0\u00bb0&Prime; row_name=\u00a0\u00bbWelcome\u00a0\u00bb][vc_column column_width_use_pixel=\u00a0\u00bbyes\u00a0\u00bb position_vertical=\u00a0\u00bbmiddle\u00a0\u00bb align_horizontal=\u00a0\u00bbalign_center\u00a0\u00bb gutter_size=\u00a0\u00bb3&Prime; style=\u00a0\u00bbdark\u00a0\u00bb overlay_alpha=\u00a0\u00bb50&Prime; shift_x=\u00a0\u00bb0&Prime; shift_y=\u00a0\u00bb0&Prime; shift_y_down=\u00a0\u00bb0&Prime; z_index=\u00a0\u00bb0&Prime; medium_width=\u00a0\u00bb0&Prime; mobile_width=\u00a0\u00bb0&Prime; width=\u00a0\u00bb1\/1&Prime;][vc_row_inner row_inner_height_percent=\u00a0\u00bb0&Prime; overlay_alpha=\u00a0\u00bb50&Prime; gutter_size=\u00a0\u00bb3&Prime; shift_y=\u00a0\u00bb0&Prime; z_index=\u00a0\u00bb0&Prime; limit_content=\u00a0\u00bb\u00a0\u00bb][vc_column_inner column_width_use_pixel=\u00a0\u00bbyes\u00a0\u00bb position_vertical=\u00a0\u00bbmiddle\u00a0\u00bb align_horizontal=\u00a0\u00bbalign_center\u00a0\u00bb gutter_size=\u00a0\u00bb3&Prime; style=\u00a0\u00bbdark\u00a0\u00bb overlay_alpha=\u00a0\u00bb50&Prime; shift_x=\u00a0\u00bb0&Prime; shift_y=\u00a0\u00bb0&Prime; shift_y_down=\u00a0\u00bb0&Prime; z_index=\u00a0\u00bb0&Prime; medium_width=\u00a0\u00bb0&Prime; mobile_width=\u00a0\u00bb0&Prime; width=\u00a0\u00bb1\/1&Prime; column_width_pixel=\u00a0\u00bb950&Prime;][vc_custom_heading heading_semantic=\u00a0\u00bbh1&Prime; text_font=\u00a0\u00bbfont-156269&Prime; text_size=\u00a0\u00bbfontsize-338686&Prime; text_weight=\u00a0\u00bb400&Prime; text_space=\u00a0\u00bbfontspace-781688&Prime; css_animation=\u00a0\u00bbcurtain\u00a0\u00bb animation_delay=\u00a0\u00bb200&Prime; interval_animation=\u00a0\u00bb100&Prime; uncode_shortcode_id=\u00a0\u00bb796488&Prime;]<strong>Location de v\u00e9los \u00e9lectriques \u00e0 Palma<\/strong>[\/vc_custom_heading][\/vc_column_inner][\/vc_row_inner][vc_row_inner row_inner_height_percent=\u00a0\u00bb0&Prime; overlay_alpha=\u00a0\u00bb50&Prime; gutter_size=\u00a0\u00bb3&Prime; shift_y=\u00a0\u00bb0&Prime; z_index=\u00a0\u00bb0&Prime; limit_content=\u00a0\u00bb\u00a0\u00bb][vc_column_inner column_width_use_pixel=\u00a0\u00bbyes\u00a0\u00bb position_vertical=\u00a0\u00bbmiddle\u00a0\u00bb align_horizontal=\u00a0\u00bbalign_center\u00a0\u00bb gutter_size=\u00a0\u00bb3&Prime; style=\u00a0\u00bbdark\u00a0\u00bb overlay_alpha=\u00a0\u00bb50&Prime; shift_x=\u00a0\u00bb0&Prime; shift_y=\u00a0\u00bb0&Prime; shift_y_down=\u00a0\u00bb0&Prime; z_index=\u00a0\u00bb0&Prime; medium_width=\u00a0\u00bb0&Prime; mobile_width=\u00a0\u00bb0&Prime; width=\u00a0\u00bb1\/1&Prime; column_width_pixel=\u00a0\u00bb740&Prime;][vc_button border_width=\u00a0\u00bb0&Prime; css_animation=\u00a0\u00bbbottom-t-top\u00a0\u00bb animation_delay=\u00a0\u00bb800&Prime; link=\u00a0\u00bburl:%23scott-ebike\u00a0\u00bb uncode_shortcode_id=\u00a0\u00bb203257&Prime;]Voir nos v\u00e9los \u00e9lectriques[\/vc_button][\/vc_column_inner][\/vc_row_inner][\/vc_column][\/vc_row][vc_row row_height_percent=\u00a0\u00bb100&Prime; back_color=\u00a0\u00bbcolor-xsdn\u00a0\u00bb overlay_alpha=\u00a0\u00bb47&Prime; gutter_size=\u00a0\u00bb100&Prime; column_width_percent=\u00a0\u00bb100&Prime; shift_y=\u00a0\u00bb0&Prime; z_index=\u00a0\u00bb0&Prime; style=\u00a0\u00bbinherited\u00a0\u00bb row_name=\u00a0\u00bbscott-ebike\u00a0\u00bb][vc_column column_width_percent=\u00a0\u00bb100&Prime; position_vertical=\u00a0\u00bbmiddle\u00a0\u00bb align_horizontal=\u00a0\u00bbalign_center\u00a0\u00bb gutter_size=\u00a0\u00bb4&Prime; overlay_alpha=\u00a0\u00bb100&Prime; shift_x=\u00a0\u00bb0&Prime; shift_y=\u00a0\u00bb0&Prime; shift_y_down=\u00a0\u00bb0&Prime; z_index=\u00a0\u00bb0&Prime; medium_width=\u00a0\u00bb0&Prime; mobile_width=\u00a0\u00bb0&Prime; zoom_width=\u00a0\u00bb0&Prime; zoom_height=\u00a0\u00bb0&Prime; width=\u00a0\u00bb1\/1&Prime;][vc_custom_heading text_font=\u00a0\u00bbfont-329340&Prime; text_weight=\u00a0\u00bb400&Prime; text_height=\u00a0\u00bbfontheight-357766&Prime; uncode_shortcode_id=\u00a0\u00bb455469&Prime;]R\u00e9servez votre bicyclette \u00e9lectrique avec Call&amp;Ride Mallorca et d\u00e9placez-vous dans Palma de mani\u00e8re plus d\u00e9tendue.[\/vc_custom_heading][vc_column_text uncode_shortcode_id=\u00a0\u00bb210976&Prime;]<span style=\"color: #000000;\"><strong>Vous pouvez nous trouver au rue <span style=\"color: #ff6600;\"><a style=\"color: #000000;\" href=\"https:\/\/www.google.es\/maps\/place\/call%26ride+Bike+Rental+and+Guided+Tours\/@39.5698333,2.6453985,17z\/data=!3m1!4b1!4m2!3m1!1s0x12978dc155555555:0x6c782de38ad399cf?hl=es\" target=\"_blank\" rel=\"noopener nofollow\">Can Puigdorfila 5,<\/a><\/span> dans le centre de Palma.<\/strong><\/span>[\/vc_column_text][vc_row_inner row_inner_height_percent=\u00a0\u00bb0&Prime; overlay_alpha=\u00a0\u00bb100&Prime; gutter_size=\u00a0\u00bb4&Prime; shift_y=\u00a0\u00bb0&Prime; z_index=\u00a0\u00bb0&Prime; limit_content=\u00a0\u00bb\u00a0\u00bb el_id=\u00a0\u00bbelectrickkickscooter\u00a0\u00bb][vc_column_inner column_width_percent=\u00a0\u00bb100&Prime; align_horizontal=\u00a0\u00bbalign_center\u00a0\u00bb gutter_size=\u00a0\u00bb3&Prime; font_family=\u00a0\u00bbfont-329340&Prime; overlay_alpha=\u00a0\u00bb100&Prime; shift_x=\u00a0\u00bb0&Prime; shift_y=\u00a0\u00bb0&Prime; shift_y_down=\u00a0\u00bb0&Prime; z_index=\u00a0\u00bb0&Prime; medium_width=\u00a0\u00bb3&Prime; mobile_width=\u00a0\u00bb7&Prime; css_animation=\u00a0\u00bbalpha-anim\u00a0\u00bb zoom_width=\u00a0\u00bb0&Prime; zoom_height=\u00a0\u00bb0&Prime; width=\u00a0\u00bb1\/2&Prime;][vc_single_image media=\u00a0\u00bb88162&Prime; media_width_percent=\u00a0\u00bb100&Prime; shape=\u00a0\u00bbimg-round\u00a0\u00bb][\/vc_column_inner][vc_column_inner column_width_percent=\u00a0\u00bb100&Prime; align_horizontal=\u00a0\u00bbalign_center\u00a0\u00bb gutter_size=\u00a0\u00bb3&Prime; font_family=\u00a0\u00bbfont-329340&Prime; overlay_alpha=\u00a0\u00bb100&Prime; shift_x=\u00a0\u00bb0&Prime; shift_y=\u00a0\u00bb0&Prime; shift_y_down=\u00a0\u00bb0&Prime; z_index=\u00a0\u00bb0&Prime; medium_width=\u00a0\u00bb3&Prime; mobile_width=\u00a0\u00bb7&Prime; css_animation=\u00a0\u00bbalpha-anim\u00a0\u00bb animation_delay=\u00a0\u00bb400&Prime; zoom_width=\u00a0\u00bb0&Prime; zoom_height=\u00a0\u00bb0&Prime; width=\u00a0\u00bb1\/2&Prime;][vc_icon icon=\u00a0\u00bbfa fa-bolt\u00a0\u00bb text_font=\u00a0\u00bbfont-156269&Prime; text_size=\u00a0\u00bbh4&Prime; text_weight=\u00a0\u00bb400&Prime; text_space=\u00a0\u00bbfontspace-781688&Prime; linked_title=\u00a0\u00bbyes\u00a0\u00bb text_reduced=\u00a0\u00bbyes\u00a0\u00bb align=\u00a0\u00bbleft\u00a0\u00bb title=\u00a0\u00bbScott sub Active\u00a0\u00bb uncode_shortcode_id=\u00a0\u00bb206261&Prime;]<\/p>\n<p style=\"text-align: left;\"><strong>Si vous recherchez le confort, c&rsquo;est votre E-bike.<\/strong> Avec lui, vous pouvez p\u00e9daler autour de Palma dans un confort maximal et sans transpirer dans les descentes. Il est \u00e9galement parfait pour ceux qui veulent p\u00e9daler facilement sur de longues distances autour de l&rsquo;\u00eele gr\u00e2ce \u00e0 ses pneus larges qui offrent une meilleure adh\u00e9rence et stabilit\u00e9.<\/p>\n<p><strong>Cet e-bike est \u00e9quip\u00e9 d&rsquo;une bo\u00eete de vitesses Shimano Acera \u00e0 9 rapports qui, combin\u00e9e au moteur \u00e9lectrique, vous permet d&rsquo;adapter parfaitement le rythme \u00e0 vos besoins.<\/strong> La moto a des roues de 28 pouces avec des pneus plats et des freins \u00e0 disque hydrauliques. Le v\u00e9lo a un cadre \u00e0 barre basse qui vous permet de monter et descendre confortablement. En outre, le v\u00e9lo dispose d&rsquo;un porte-bagages pour votre sac \u00e0 dos ou vos sacs. Vous pouvez \u00e9galement monter un si\u00e8ge enfant si vous transportez des enfants en bas \u00e2ge.<\/p>\n<p>La moto est \u00e9quip\u00e9e d&rsquo;un moteur Bosch dot\u00e9 d&rsquo;une batterie de 400 watts et de quatre modes de puissance qui lui conf\u00e8rent une autonomie de plus de 100 kilom\u00e8tres.<\/p>\n<p>Le Scott sub Active est un v\u00e9lo polyvalent, fiable sur les longs trajets et \u00e9quip\u00e9 de la derni\u00e8re technologie e-bike.<\/p>\n<p style=\"text-align: center;\">1 jour: 35 \u20ac<br \/>\n2 jours: 66 \u20ac<br \/>\n3 jours: 90 \u20ac<\/p>\n<p>[\/vc_icon][vc_button button_color=\u00a0\u00bbcolor-100807&Prime; border_width=\u00a0\u00bb0&Prime; link=\u00a0\u00bburl:https%3A%2F%2Frentle.store%2Fcallnride%2Fproduct%2FZsjAD9mnEKnu2skWpfaO\u00a0\u00bb button_color_type=\u00a0\u00bbuncode-palette\u00a0\u00bb uncode_shortcode_id=\u00a0\u00bb207837&Prime;]R\u00e9servez votre e-bike![\/vc_button][\/vc_column_inner][\/vc_row_inner][vc_row_inner][vc_column_inner width=\u00a0\u00bb1\/1&Prime;][vc_separator sep_color=\u00a0\u00bbcolor-jevc\u00a0\u00bb][\/vc_column_inner][\/vc_row_inner][\/vc_column][\/vc_row][vc_row row_height_percent=\u00a0\u00bb100&Prime; back_color=\u00a0\u00bbcolor-xsdn\u00a0\u00bb overlay_alpha=\u00a0\u00bb47&Prime; gutter_size=\u00a0\u00bb100&Prime; column_width_percent=\u00a0\u00bb100&Prime; shift_y=\u00a0\u00bb0&Prime; z_index=\u00a0\u00bb0&Prime; style=\u00a0\u00bbinherited\u00a0\u00bb row_name=\u00a0\u00bbtrekverve-ebike\u00a0\u00bb][vc_column column_width_percent=\u00a0\u00bb100&Prime; position_vertical=\u00a0\u00bbmiddle\u00a0\u00bb align_horizontal=\u00a0\u00bbalign_center\u00a0\u00bb gutter_size=\u00a0\u00bb4&Prime; overlay_alpha=\u00a0\u00bb100&Prime; shift_x=\u00a0\u00bb0&Prime; shift_y=\u00a0\u00bb0&Prime; shift_y_down=\u00a0\u00bb0&Prime; z_index=\u00a0\u00bb0&Prime; medium_width=\u00a0\u00bb0&Prime; mobile_width=\u00a0\u00bb0&Prime; zoom_width=\u00a0\u00bb0&Prime; zoom_height=\u00a0\u00bb0&Prime; width=\u00a0\u00bb1\/1&Prime;][vc_row_inner row_inner_height_percent=\u00a0\u00bb0&Prime; overlay_alpha=\u00a0\u00bb100&Prime; gutter_size=\u00a0\u00bb4&Prime; shift_y=\u00a0\u00bb0&Prime; z_index=\u00a0\u00bb0&Prime; limit_content=\u00a0\u00bb\u00a0\u00bb el_id=\u00a0\u00bbelectrickkickscooter\u00a0\u00bb][vc_column_inner column_width_percent=\u00a0\u00bb100&Prime; align_horizontal=\u00a0\u00bbalign_center\u00a0\u00bb gutter_size=\u00a0\u00bb3&Prime; font_family=\u00a0\u00bbfont-329340&Prime; overlay_alpha=\u00a0\u00bb100&Prime; shift_x=\u00a0\u00bb0&Prime; shift_y=\u00a0\u00bb0&Prime; shift_y_down=\u00a0\u00bb0&Prime; z_index=\u00a0\u00bb0&Prime; medium_width=\u00a0\u00bb3&Prime; mobile_width=\u00a0\u00bb7&Prime; css_animation=\u00a0\u00bbalpha-anim\u00a0\u00bb zoom_width=\u00a0\u00bb0&Prime; zoom_height=\u00a0\u00bb0&Prime; width=\u00a0\u00bb1\/2&Prime;][vc_single_image media=\u00a0\u00bb88181&Prime; media_width_percent=\u00a0\u00bb100&Prime; shape=\u00a0\u00bbimg-round\u00a0\u00bb][\/vc_column_inner][vc_column_inner column_width_percent=\u00a0\u00bb100&Prime; align_horizontal=\u00a0\u00bbalign_center\u00a0\u00bb gutter_size=\u00a0\u00bb3&Prime; font_family=\u00a0\u00bbfont-329340&Prime; overlay_alpha=\u00a0\u00bb100&Prime; shift_x=\u00a0\u00bb0&Prime; shift_y=\u00a0\u00bb0&Prime; shift_y_down=\u00a0\u00bb0&Prime; z_index=\u00a0\u00bb0&Prime; medium_width=\u00a0\u00bb3&Prime; mobile_width=\u00a0\u00bb7&Prime; css_animation=\u00a0\u00bbalpha-anim\u00a0\u00bb animation_delay=\u00a0\u00bb400&Prime; zoom_width=\u00a0\u00bb0&Prime; zoom_height=\u00a0\u00bb0&Prime; width=\u00a0\u00bb1\/2&Prime;][vc_icon icon=\u00a0\u00bbfa fa-bolt\u00a0\u00bb text_font=\u00a0\u00bbfont-156269&Prime; text_size=\u00a0\u00bbh4&Prime; text_weight=\u00a0\u00bb400&Prime; text_space=\u00a0\u00bbfontspace-781688&Prime; linked_title=\u00a0\u00bbyes\u00a0\u00bb text_reduced=\u00a0\u00bbyes\u00a0\u00bb align=\u00a0\u00bbleft\u00a0\u00bb title=\u00a0\u00bbTrek Verve+ 1 Low Step V\u00e9lo \u00e9lectrique\u00a0\u00bb uncode_shortcode_id=\u00a0\u00bb129194&Prime;]<\/p>\n<p style=\"text-align: left;\"><strong>C&rsquo;est le v\u00e9lo \u00e9lectrique parfait pour les personnes qui veulent essayer un v\u00e9lo \u00e9lectrique pour la premi\u00e8re fois.<\/strong> Il est id\u00e9al pour d\u00e9couvrir le centre de Palma, profiter de la belle piste cyclable de Palma \u00e0 El Arenal ou se rendre \u00e0 v\u00e9lo aux plages d&rsquo;Illetas ou de Portals.<\/p>\n<p><strong>Ce v\u00e9lo \u00e9lectrique est \u00e9quip\u00e9 d&rsquo;une bo\u00eete de vitesses Shimano Altus M370 \u00e0 8 rapports, de roues de 28 pouces avec pneus anti-crevaison et de freins \u00e0 disque hydrauliques.<\/strong> Il comprend un barbox bas, qui vous permet de monter et de descendre du v\u00e9lo confortablement, et est \u00e9quip\u00e9 de feux int\u00e9gr\u00e9s. En outre, le v\u00e9lo dispose d&rsquo;un porte-bagages pour votre sac \u00e0 dos ou vos sacs. Cette moto est \u00e9quip\u00e9e d&rsquo;un moteur Bosch Active Line et d&rsquo;une batterie de 300 watts offrant une autonomie de 70 kilom\u00e8tres.<\/p>\n<p style=\"text-align: center;\">1 jour: 24 \u20ac<br \/>\n2 jours: 46 \u20ac<br \/>\n3 jours: 66 \u20ac<\/p>\n<p>[\/vc_icon][vc_button button_color=\u00a0\u00bbcolor-100807&Prime; border_width=\u00a0\u00bb0&Prime; link=\u00a0\u00bburl:https%3A%2F%2Frentle.store%2Fcallnride%2Fproduct%2F3gqulszwtxaJ0CDIxQOa\u00a0\u00bb uncode_shortcode_id=\u00a0\u00bb152329&Prime; button_color_type=\u00a0\u00bbuncode-palette\u00a0\u00bb]R\u00e9servez votre e-bike![\/vc_button][\/vc_column_inner][\/vc_row_inner][vc_row_inner][vc_column_inner width=\u00a0\u00bb1\/1&Prime;][vc_separator sep_color=\u00a0\u00bbcolor-jevc\u00a0\u00bb][\/vc_column_inner][\/vc_row_inner][\/vc_column][\/vc_row][vc_row row_height_percent=\u00a0\u00bb100&Prime; override_padding=\u00a0\u00bbyes\u00a0\u00bb h_padding=\u00a0\u00bb2&Prime; top_padding=\u00a0\u00bb5&Prime; bottom_padding=\u00a0\u00bb5&Prime; back_color=\u00a0\u00bbcolor-100807&Prime; overlay_color=\u00a0\u00bbcolor-100807&Prime; overlay_alpha=\u00a0\u00bb80&Prime; gutter_size=\u00a0\u00bb4&Prime; column_width_percent=\u00a0\u00bb100&Prime; shift_y=\u00a0\u00bb0&Prime; z_index=\u00a0\u00bb0&Prime; row_name=\u00a0\u00bbwhy-rent-ebike-palma\u00a0\u00bb uncode_shortcode_id=\u00a0\u00bb127246&Prime; back_color_type=\u00a0\u00bbuncode-palette\u00a0\u00bb overlay_color_type=\u00a0\u00bbuncode-palette\u00a0\u00bb][vc_column column_width_percent=\u00a0\u00bb100&Prime; position_vertical=\u00a0\u00bbmiddle\u00a0\u00bb gutter_size=\u00a0\u00bb3&Prime; style=\u00a0\u00bbdark\u00a0\u00bb overlay_alpha=\u00a0\u00bb50&Prime; shift_x=\u00a0\u00bb0&Prime; shift_y=\u00a0\u00bb0&Prime; shift_y_down=\u00a0\u00bb0&Prime; z_index=\u00a0\u00bb0&Prime; medium_width=\u00a0\u00bb4&Prime; align_mobile=\u00a0\u00bbalign_center_mobile\u00a0\u00bb mobile_width=\u00a0\u00bb0&Prime; width=\u00a0\u00bb1\/2&Prime;][vc_custom_heading heading_semantic=\u00a0\u00bbh3&Prime; text_size=\u00a0\u00bbfontsize-155944&Prime; uncode_shortcode_id=\u00a0\u00bb135599&Prime;]<strong>Pourquoi louer une bicyclette \u00e9lectrique \u00e0 Palma?<\/strong>[\/vc_custom_heading][vc_column_text text_lead=\u00a0\u00bbyes\u00a0\u00bb uncode_shortcode_id=\u00a0\u00bb555405&Prime;]<\/p>\n<ul>\n<li>Un v\u00e9lo \u00e9lectrique vous aide \u00e0 p\u00e9daler, ce qui vous permet de couvrir de plus grandes distances qu&rsquo;avec un v\u00e9lo normal.<\/li>\n<li>\u00c0 Majorque, il y a plusieurs mois de l&rsquo;ann\u00e9e o\u00f9 il fait tr\u00e8s chaud, mais avec une bicyclette \u00e9lectrique, cela ne vous d\u00e9rangera pas.<\/li>\n<li>L&rsquo;e-bike est un bon plan pour la famille, car tous les membres peuvent participer.<\/li>\n<li>Pendant les mois de haute saison, il y a beaucoup d&#8217;embouteillages dans la ville. Louez un v\u00e9lo \u00e9lectrique et oubliez le p\u00e9dalage sur les pistes cyclables de Palma.<\/li>\n<li>Enfin, l&rsquo;environnement. En vous d\u00e9pla\u00e7ant \u00e0 v\u00e9lo, vous ne polluez pas et vous contribuez \u00e0 am\u00e9liorer la qualit\u00e9 de l&rsquo;air.<\/li>\n<li><a href=\"https:\/\/goo.gl\/maps\/2rkkmGzSNHo\" target=\"_blank\" rel=\"noopener nofollow\"><span style=\"color: #0000ff;\">Vous nous trouverez au 5, rue Can Puigdorfila, dans le centre de Palma.<\/span><\/a>.<\/li>\n<\/ul>\n<p>[\/vc_column_text][vc_button border_width=\u00a0\u00bb0&Prime; link=\u00a0\u00bburl:https%3A%2F%2Frentle.store%2Fcallnride%2Fshop%3Fcategory%3DA0nmpElhgb4w7VrebaiY\u00a0\u00bb uncode_shortcode_id=\u00a0\u00bb127384&Prime;]R\u00e9servez votre e-bike![\/vc_button][\/vc_column][vc_column column_width_percent=\u00a0\u00bb100&Prime; position_vertical=\u00a0\u00bbmiddle\u00a0\u00bb gutter_size=\u00a0\u00bb3&Prime; overlay_alpha=\u00a0\u00bb50&Prime; shift_x=\u00a0\u00bb0&Prime; shift_y=\u00a0\u00bb0&Prime; shift_y_down=\u00a0\u00bb0&Prime; z_index=\u00a0\u00bb0&Prime; medium_width=\u00a0\u00bb4&Prime; mobile_width=\u00a0\u00bb0&Prime; width=\u00a0\u00bb1\/2&Prime;][vc_single_image media=\u00a0\u00bb88170&Prime; media_width_percent=\u00a0\u00bb100&Prime; alignment=\u00a0\u00bbcenter\u00a0\u00bb shadow=\u00a0\u00bbyes\u00a0\u00bb shadow_weight=\u00a0\u00bbxl\u00a0\u00bb][\/vc_column][\/vc_row][vc_row row_height_percent=\u00a0\u00bb100&Prime; back_color=\u00a0\u00bbcolor-lxmt\u00a0\u00bb overlay_alpha=\u00a0\u00bb50&Prime; equal_height=\u00a0\u00bbyes\u00a0\u00bb gutter_size=\u00a0\u00bb0&Prime; column_width_percent=\u00a0\u00bb100&Prime; shift_y=\u00a0\u00bb0&Prime; z_index=\u00a0\u00bb0&Prime; el_class=\u00a0\u00bbgradient\u00a0\u00bb row_name=\u00a0\u00bbfaqs\u00a0\u00bb][vc_column column_width_percent=\u00a0\u00bb100&Prime; position_vertical=\u00a0\u00bbmiddle\u00a0\u00bb align_horizontal=\u00a0\u00bbalign_center\u00a0\u00bb gutter_size=\u00a0\u00bb4&Prime; override_padding=\u00a0\u00bbyes\u00a0\u00bb column_padding=\u00a0\u00bb0&Prime; font_family=\u00a0\u00bbfont-329340&Prime; overlay_alpha=\u00a0\u00bb50&Prime; shift_x=\u00a0\u00bb0&Prime; shift_y=\u00a0\u00bb0&Prime; shift_y_down=\u00a0\u00bb0&Prime; z_index=\u00a0\u00bb0&Prime; medium_width=\u00a0\u00bb0&Prime; mobile_width=\u00a0\u00bb0&Prime; css_animation=\u00a0\u00bbalpha-anim\u00a0\u00bb width=\u00a0\u00bb1\/1&Prime;][vc_custom_heading text_font=\u00a0\u00bbfont-329340&Prime; text_size=\u00a0\u00bbh1&Prime; text_weight=\u00a0\u00bb400&Prime; text_space=\u00a0\u00bbfontspace-781688&Prime; uncode_shortcode_id=\u00a0\u00bb117303&Prime;]Questions fr\u00e9quemment pos\u00e9es sur la location de v\u00e9los \u00e9lectriques chez Call&amp;Ride Mallorca[\/vc_custom_heading][vc_accordion][vc_accordion_tab gutter_size=\u00a0\u00bb2&Prime; column_padding=\u00a0\u00bb2&Prime; title=\u00a0\u00bbQuel type de bicyclette \u00e9lectrique puis-je louer chez Call&amp;Ride Mallorca?\u00a0\u00bb tab_id=\u00a0\u00bb1620110442-1-2316424105400091642410923622&Prime;][vc_column_text uncode_shortcode_id=\u00a0\u00bb773948&Prime;]Nous avons deux mod\u00e8les de v\u00e9los \u00e9lectriques : le Scott sub Active, qui a 9 vitesses et un moteur de 400 watts, et le Trek Verve+ 1 Low Step, qui a 8 vitesses et un moteur de 300 watts.[\/vc_column_text][\/vc_accordion_tab][vc_accordion_tab gutter_size=\u00a0\u00bb2&Prime; column_padding=\u00a0\u00bb2&Prime; title=\u00a0\u00bbCombien co\u00fbte la location d&rsquo;une bicyclette \u00e9lectrique?\u00a0\u00bb tab_id=\u00a0\u00bb1620110442-2-8416424105400091642410923622&Prime;][vc_column_text uncode_shortcode_id=\u00a0\u00bb146816&Prime;]Vous pouvez louer un Trek Verve+ 1 Low Step pour 24 euros par jour et un Scott sub Active pour 35 euros par jour.[\/vc_column_text][\/vc_accordion_tab][vc_accordion_tab gutter_size=\u00a0\u00bb2&Prime; column_padding=\u00a0\u00bb2&Prime; title=\u00a0\u00bbQuel type de documents dois-je apporter avec moi?\u00a0\u00bb tab_id=\u00a0\u00bb1620111172148-2-416424105400091642410923622&Prime;][vc_column_text uncode_shortcode_id=\u00a0\u00bb128242&Prime;]Vous devrez vous munir d&rsquo;une pi\u00e8ce d&rsquo;identit\u00e9 avec photo (permis de conduire, passeport ou autre) et d&rsquo;une carte de cr\u00e9dit ou de d\u00e9bit.[\/vc_column_text][\/vc_accordion_tab][vc_accordion_tab gutter_size=\u00a0\u00bb2&Prime; column_padding=\u00a0\u00bb2&Prime; title=\u00a0\u00bbCombien de temps puis-je louer des v\u00e9los?\u00a0\u00bb tab_id=\u00a0\u00bb1620111174887-3-416424105400091642410923622&Prime;][vc_column_text uncode_shortcode_id=\u00a0\u00bb213522&Prime;]Aussi longtemps que vous le souhaitez. Si vous louez le v\u00e9lo pour plus d&rsquo;un jour, vous recevrez un chargeur pour recharger votre v\u00e9lo.[\/vc_column_text][\/vc_accordion_tab][vc_accordion_tab gutter_size=\u00a0\u00bb2&Prime; column_padding=\u00a0\u00bb2&Prime; title=\u00a0\u00bbExiste-t-il un syst\u00e8me de verrouillage pour les v\u00e9los \u00e9lectriques afin qu&rsquo;ils puissent \u00eatre verrouill\u00e9s sur la route?\u00a0\u00bb tab_id=\u00a0\u00bb1620113553317-4-316424105400091642410923622&Prime;][vc_column_text uncode_shortcode_id=\u00a0\u00bb127541&Prime;]Oui, tous les v\u00e9los que vous louez chez nous sont \u00e9quip\u00e9s d&rsquo;un cadenas pour une s\u00e9curit\u00e9 maximale.[\/vc_column_text][\/vc_accordion_tab][\/vc_accordion][vc_raw_js]JTNDc2NyaXB0JTIwdHlwZSUzRCUyMmFwcGxpY2F0aW9uJTJGbGQlMkJqc29uJTIyJTNFJTBBJTdCJTBBJTIwJTIwJTIyJTQwY29udGV4dCUyMiUzQSUyMCUyMmh0dHBzJTNBJTJGJTJGc2NoZW1hLm9yZyUyMiUyQyUwQSUyMCUyMCUyMiU0MHR5cGUlMjIlM0ElMjAlMjJGQVFQYWdlJTIyJTJDJTBBJTIwJTIwJTIybWFpbkVudGl0eSUyMiUzQSUyMCU1QiU3QiUwQSUyMCUyMCUyMCUyMCUyMiU0MHR5cGUlMjIlM0ElMjAlMjJRdWVzdGlvbiUyMiUyQyUwQSUyMCUyMCUyMCUyMCUyMm5hbWUlMjIlM0ElMjAlMjJRdWVsJTIwdHlwZSUyMGRlJTIwYmljeWNsZXR0ZSUyMCVDMyVBOWxlY3RyaXF1ZSUyMHB1aXMtamUlMjBsb3VlciUyMGNoZXolMjBDYWxsJTI2UmlkZSUyME1hbGxvcmNhJTNGJTIyJTJDJTBBJTIwJTIwJTIwJTIwJTIyYWNjZXB0ZWRBbnN3ZXIlMjIlM0ElMjAlN0IlMEElMjAlMjAlMjAlMjAlMjAlMjAlMjIlNDB0eXBlJTIyJTNBJTIwJTIyQW5zd2VyJTIyJTJDJTBBJTIwJTIwJTIwJTIwJTIwJTIwJTIydGV4dCUyMiUzQSUyMCUyMk5vdXMlMjBhdm9ucyUyMGRldXglMjBtb2QlQzMlQThsZXMlMjBkZSUyMHYlQzMlQTlsb3MlMjAlQzMlQTlsZWN0cmlxdWVzJTIwJTNBJTIwbGUlMjBTY290dCUyMHN1YiUyMEFjdGl2ZSUyQyUyMHF1aSUyMGElMjA5JTIwdml0ZXNzZXMlMjBldCUyMHVuJTIwbW90ZXVyJTIwZGUlMjA0MDAlMjB3YXR0cyUyQyUyMGV0JTIwbGUlMjBUcmVrJTIwVmVydmUlMkIlMjAxJTIwTG93JTIwU3RlcCUyQyUyMHF1aSUyMGElMjA4JTIwdml0ZXNzZXMlMjBldCUyMHVuJTIwbW90ZXVyJTIwZGUlMjAzMDAlMjB3YXR0cy4lMjIlMEElMjAlMjAlMjAlMjAlN0QlMEElMjAlMjAlN0QlMkMlN0IlMEElMjAlMjAlMjAlMjAlMjIlNDB0eXBlJTIyJTNBJTIwJTIyUXVlc3Rpb24lMjIlMkMlMEElMjAlMjAlMjAlMjAlMjJuYW1lJTIyJTNBJTIwJTIyQ29tYmllbiUyMGNvJUMzJUJCdGUlMjBsYSUyMGxvY2F0aW9uJTIwZCUyN3VuZSUyMGJpY3ljbGV0dGUlMjAlQzMlQTlsZWN0cmlxdWUlM0YlMjIlMkMlMEElMjAlMjAlMjAlMjAlMjJhY2NlcHRlZEFuc3dlciUyMiUzQSUyMCU3QiUwQSUyMCUyMCUyMCUyMCUyMCUyMCUyMiU0MHR5cGUlMjIlM0ElMjAlMjJBbnN3ZXIlMjIlMkMlMEElMjAlMjAlMjAlMjAlMjAlMjAlMjJ0ZXh0JTIyJTNBJTIwJTIyVm91cyUyMHBvdXZleiUyMGxvdWVyJTIwdW4lMjBUcmVrJTIwVmVydmUlMkIlMjAxJTIwTG93JTIwU3RlcCUyMHBvdXIlMjAyNCUyMGV1cm9zJTIwcGFyJTIwam91ciUyMGV0JTIwdW4lMjBTY290dCUyMHN1YiUyMEFjdGl2ZSUyMHBvdXIlMjAzNSUyMGV1cm9zJTIwcGFyJTIwam91ci4lMjIlMEElMjAlMjAlMjAlMjAlN0QlMEElMjAlMjAlN0QlMkMlN0IlMEElMjAlMjAlMjAlMjAlMjIlNDB0eXBlJTIyJTNBJTIwJTIyUXVlc3Rpb24lMjIlMkMlMEElMjAlMjAlMjAlMjAlMjJuYW1lJTIyJTNBJTIwJTIyUXVlbCUyMHR5cGUlMjBkZSUyMGRvY3VtZW50cyUyMGRvaXMtamUlMjBhcHBvcnRlciUyMGF2ZWMlMjBtb2klM0YlMjIlMkMlMEElMjAlMjAlMjAlMjAlMjJhY2NlcHRlZEFuc3dlciUyMiUzQSUyMCU3QiUwQSUyMCUyMCUyMCUyMCUyMCUyMCUyMiU0MHR5cGUlMjIlM0ElMjAlMjJBbnN3ZXIlMjIlMkMlMEElMjAlMjAlMjAlMjAlMjAlMjAlMjJ0ZXh0JTIyJTNBJTIwJTIyVm91cyUyMGRldnJleiUyMHZvdXMlMjBtdW5pciUyMGQlMjd1bmUlMjBwaSVDMyVBOGNlJTIwZCUyN2lkZW50aXQlQzMlQTklMjBhdmVjJTIwcGhvdG8lMjAlMjhwZXJtaXMlMjBkZSUyMGNvbmR1aXJlJTJDJTIwcGFzc2Vwb3J0JTIwb3UlMjBhdXRyZSUyOSUyMGV0JTIwZCUyN3VuZSUyMGNhcnRlJTIwZGUlMjBjciVDMyVBOWRpdCUyMG91JTIwZGUlMjBkJUMzJUE5Yml0LiUyMiUwQSUyMCUyMCUyMCUyMCU3RCUwQSUyMCUyMCU3RCUyQyU3QiUwQSUyMCUyMCUyMCUyMCUyMiU0MHR5cGUlMjIlM0ElMjAlMjJRdWVzdGlvbiUyMiUyQyUwQSUyMCUyMCUyMCUyMCUyMm5hbWUlMjIlM0ElMjAlMjJDb21iaWVuJTIwZGUlMjB0ZW1wcyUyMHB1aXMtamUlMjBsb3VlciUyMGRlcyUyMHYlQzMlQTlsb3MlM0YlMjIlMkMlMEElMjAlMjAlMjAlMjAlMjJhY2NlcHRlZEFuc3dlciUyMiUzQSUyMCU3QiUwQSUyMCUyMCUyMCUyMCUyMCUyMCUyMiU0MHR5cGUlMjIlM0ElMjAlMjJBbnN3ZXIlMjIlMkMlMEElMjAlMjAlMjAlMjAlMjAlMjAlMjJ0ZXh0JTIyJTNBJTIwJTIyQXVzc2klMjBsb25ndGVtcHMlMjBxdWUlMjB2b3VzJTIwbGUlMjBzb3VoYWl0ZXouJTIwU2klMjB2b3VzJTIwbG91ZXolMjBsZSUyMHYlQzMlQTlsbyUyMHBvdXIlMjBwbHVzJTIwZCUyN3VuJTIwam91ciUyQyUyMHZvdXMlMjByZWNldnJleiUyMHVuJTIwY2hhcmdldXIlMjBwb3VyJTIwcmVjaGFyZ2VyJTIwdm90cmUlMjB2JUMzJUE5bG8uJTIyJTBBJTIwJTIwJTIwJTIwJTdEJTBBJTIwJTIwJTdEJTJDJTdCJTBBJTIwJTIwJTIwJTIwJTIyJTQwdHlwZSUyMiUzQSUyMCUyMlF1ZXN0aW9uJTIyJTJDJTBBJTIwJTIwJTIwJTIwJTIybmFtZSUyMiUzQSUyMCUyMkV4aXN0ZS10LWlsJTIwdW4lMjBzeXN0JUMzJUE4bWUlMjBkZSUyMHZlcnJvdWlsbGFnZSUyMHBvdXIlMjBsZXMlMjB2JUMzJUE5bG9zJTIwJUMzJUE5bGVjdHJpcXVlcyUyMGFmaW4lMjBxdSUyN2lscyUyMHB1aXNzZW50JTIwJUMzJUFBdHJlJTIwdmVycm91aWxsJUMzJUE5cyUyMHN1ciUyMGxhJTIwcm91dGUlM0YlMjIlMkMlMEElMjAlMjAlMjAlMjAlMjJhY2NlcHRlZEFuc3dlciUyMiUzQSUyMCU3QiUwQSUyMCUyMCUyMCUyMCUyMCUyMCUyMiU0MHR5cGUlMjIlM0ElMjAlMjJBbnN3ZXIlMjIlMkMlMEElMjAlMjAlMjAlMjAlMjAlMjAlMjJ0ZXh0JTIyJTNBJTIwJTIyT3VpJTJDJTIwdG91cyUyMGxlcyUyMHYlQzMlQTlsb3MlMjBxdWUlMjB2b3VzJTIwbG91ZXolMjBjaGV6JTIwbm91cyUyMHNvbnQlMjAlQzMlQTlxdWlwJUMzJUE5cyUyMGQlMjd1biUyMGNhZGVuYXMlMjBwb3VyJTIwdW5lJTIwcyVDMyVBOWN1cml0JUMzJUE5JTIwbWF4aW1hbGUuJTIyJTBBJTIwJTIwJTIwJTIwJTdEJTBBJTIwJTIwJTdEJTVEJTBBJTdEJTBBJTNDJTJGc2NyaXB0JTNF[\/vc_raw_js][\/vc_column][\/vc_row]<\/p>\n","protected":false},"excerpt":{"rendered":"<p>[vc_row unlock_row_content=\u00a0\u00bbyes\u00a0\u00bb row_height_percent=\u00a0\u00bb100&Prime; back_image=\u00a0\u00bb88152&Prime; overlay_alpha=\u00a0\u00bb67&Prime; equal_height=\u00a0\u00bbyes\u00a0\u00bb gutter_size=\u00a0\u00bb0&Prime; column_width_use_pixel=\u00a0\u00bbyes\u00a0\u00bb shift_y=\u00a0\u00bb0&Prime; z_index=\u00a0\u00bb0&Prime; row_name=\u00a0\u00bbWelcome\u00a0\u00bb][vc_column column_width_use_pixel=\u00a0\u00bbyes\u00a0\u00bb position_vertical=\u00a0\u00bbmiddle\u00a0\u00bb align_horizontal=\u00a0\u00bbalign_center\u00a0\u00bb gutter_size=\u00a0\u00bb3&Prime; style=\u00a0\u00bbdark\u00a0\u00bb overlay_alpha=\u00a0\u00bb50&Prime; shift_x=\u00a0\u00bb0&Prime; shift_y=\u00a0\u00bb0&Prime; shift_y_down=\u00a0\u00bb0&Prime; [&hellip;]<\/p>\n","protected":false},"author":1,"featured_media":88173,"parent":0,"menu_order":0,"comment_status":"closed","ping_status":"closed","template":"","meta":[],"_links":{"self":[{"href":"https:\/\/2021.callandridemallorca.com\/fr\/wp-json\/wp\/v2\/pages\/88996"}],"collection":[{"href":"https:\/\/2021.callandridemallorca.com\/fr\/wp-json\/wp\/v2\/pages"}],"about":[{"href":"https:\/\/2021.callandridemallorca.com\/fr\/wp-json\/wp\/v2\/types\/page"}],"author":[{"embeddable":true,"href":"https:\/\/2021.callandridemallorca.com\/fr\/wp-json\/wp\/v2\/users\/1"}],"replies":[{"embeddable":true,"href":"https:\/\/2021.callandridemallorca.com\/fr\/wp-json\/wp\/v2\/comments?post=88996"}],"version-history":[{"count":3,"href":"https:\/\/2021.callandridemallorca.com\/fr\/wp-json\/wp\/v2\/pages\/88996\/revisions"}],"predecessor-version":[{"id":88999,"href":"https:\/\/2021.callandridemallorca.com\/fr\/wp-json\/wp\/v2\/pages\/88996\/revisions\/88999"}],"wp:featuredmedia":[{"embeddable":true,"href":"https:\/\/2021.callandridemallorca.com\/fr\/wp-json\/wp\/v2\/media\/88173"}],"wp:attachment":[{"href":"https:\/\/2021.callandridemallorca.com\/fr\/wp-json\/wp\/v2\/media?parent=88996"}],"curies":[{"name":"wp","href":"https:\/\/api.w.org\/{rel}","templated":true}]}}