{"id":89075,"date":"2022-02-27T19:18:28","date_gmt":"2022-02-27T19:18:28","guid":{"rendered":"https:\/\/2021.callandridemallorca.com\/?page_id=89075"},"modified":"2022-03-07T11:57:04","modified_gmt":"2022-03-07T11:57:04","slug":"consigne-bagages-palma-mallorca","status":"publish","type":"page","link":"https:\/\/2021.callandridemallorca.com\/fr\/consigne-bagages-palma-mallorca\/","title":{"rendered":"Left Luggage FR"},"content":{"rendered":"<p>[vc_row unlock_row_content=\u00a0\u00bbyes\u00a0\u00bb row_height_percent=\u00a0\u00bb100&Prime; back_color=\u00a0\u00bbcolor-nhtu\u00a0\u00bb back_image=\u00a0\u00bb88561&Prime; overlay_alpha=\u00a0\u00bb67&Prime; equal_height=\u00a0\u00bbyes\u00a0\u00bb gutter_size=\u00a0\u00bb0&Prime; column_width_use_pixel=\u00a0\u00bbyes\u00a0\u00bb shift_y=\u00a0\u00bb0&Prime; z_index=\u00a0\u00bb0&Prime; row_name=\u00a0\u00bbWelcome\u00a0\u00bb uncode_shortcode_id=\u00a0\u00bb199422&Prime; back_color_type=\u00a0\u00bbuncode-palette\u00a0\u00bb][vc_column column_width_use_pixel=\u00a0\u00bbyes\u00a0\u00bb position_vertical=\u00a0\u00bbmiddle\u00a0\u00bb align_horizontal=\u00a0\u00bbalign_center\u00a0\u00bb gutter_size=\u00a0\u00bb3&Prime; style=\u00a0\u00bbdark\u00a0\u00bb overlay_alpha=\u00a0\u00bb50&Prime; shift_x=\u00a0\u00bb0&Prime; shift_y=\u00a0\u00bb0&Prime; shift_y_down=\u00a0\u00bb0&Prime; z_index=\u00a0\u00bb0&Prime; medium_width=\u00a0\u00bb0&Prime; mobile_width=\u00a0\u00bb0&Prime; width=\u00a0\u00bb1\/1&Prime;][vc_row_inner row_inner_height_percent=\u00a0\u00bb0&Prime; overlay_alpha=\u00a0\u00bb50&Prime; gutter_size=\u00a0\u00bb3&Prime; shift_y=\u00a0\u00bb0&Prime; z_index=\u00a0\u00bb0&Prime; limit_content=\u00a0\u00bb\u00a0\u00bb][vc_column_inner column_width_use_pixel=\u00a0\u00bbyes\u00a0\u00bb position_vertical=\u00a0\u00bbmiddle\u00a0\u00bb align_horizontal=\u00a0\u00bbalign_center\u00a0\u00bb gutter_size=\u00a0\u00bb3&Prime; style=\u00a0\u00bbdark\u00a0\u00bb overlay_alpha=\u00a0\u00bb50&Prime; shift_x=\u00a0\u00bb0&Prime; shift_y=\u00a0\u00bb0&Prime; shift_y_down=\u00a0\u00bb0&Prime; z_index=\u00a0\u00bb0&Prime; medium_width=\u00a0\u00bb0&Prime; mobile_width=\u00a0\u00bb0&Prime; width=\u00a0\u00bb1\/1&Prime; column_width_pixel=\u00a0\u00bb950&Prime;][vc_custom_heading heading_semantic=\u00a0\u00bbh1&Prime; text_font=\u00a0\u00bbfont-156269&Prime; text_size=\u00a0\u00bbfontsize-338686&Prime; text_weight=\u00a0\u00bb400&Prime; text_space=\u00a0\u00bbfontspace-781688&Prime; css_animation=\u00a0\u00bbcurtain\u00a0\u00bb animation_delay=\u00a0\u00bb200&Prime; interval_animation=\u00a0\u00bb100&Prime; uncode_shortcode_id=\u00a0\u00bb117571&Prime;]Consigne de bagages \u00e0 Palma de Mallorca[\/vc_custom_heading][\/vc_column_inner][\/vc_row_inner][vc_row_inner row_inner_height_percent=\u00a0\u00bb0&Prime; overlay_alpha=\u00a0\u00bb50&Prime; gutter_size=\u00a0\u00bb3&Prime; shift_y=\u00a0\u00bb0&Prime; z_index=\u00a0\u00bb0&Prime; limit_content=\u00a0\u00bb\u00a0\u00bb][vc_column_inner column_width_use_pixel=\u00a0\u00bbyes\u00a0\u00bb position_vertical=\u00a0\u00bbmiddle\u00a0\u00bb align_horizontal=\u00a0\u00bbalign_center\u00a0\u00bb gutter_size=\u00a0\u00bb3&Prime; style=\u00a0\u00bbdark\u00a0\u00bb overlay_alpha=\u00a0\u00bb50&Prime; shift_x=\u00a0\u00bb0&Prime; shift_y=\u00a0\u00bb0&Prime; shift_y_down=\u00a0\u00bb0&Prime; z_index=\u00a0\u00bb0&Prime; medium_width=\u00a0\u00bb0&Prime; mobile_width=\u00a0\u00bb0&Prime; width=\u00a0\u00bb1\/1&Prime; column_width_pixel=\u00a0\u00bb740&Prime;][vc_column_text uncode_shortcode_id=\u00a0\u00bb123272&Prime;]D\u00e9couvrez Palma de Majorque[\/vc_column_text][vc_button border_width=\u00a0\u00bb0&Prime; css_animation=\u00a0\u00bbbottom-t-top\u00a0\u00bb animation_delay=\u00a0\u00bb800&Prime; link=\u00a0\u00bburl:%23bagages\u00a0\u00bb uncode_shortcode_id=\u00a0\u00bb671317&Prime;]R\u00e9servez[\/vc_button][\/vc_column_inner][\/vc_row_inner][\/vc_column][\/vc_row][vc_row row_height_percent=\u00a0\u00bb70&Prime; overlay_alpha=\u00a0\u00bb50&Prime; gutter_size=\u00a0\u00bb3&Prime; column_width_percent=\u00a0\u00bb100&Prime; shift_y=\u00a0\u00bb0&Prime; z_index=\u00a0\u00bb0&Prime; uncode_shortcode_id=\u00a0\u00bb212132&Prime; row_name=\u00a0\u00bbbagages\u00a0\u00bb][vc_column width=\u00a0\u00bb1\/1&Prime;][vc_row_inner row_inner_height_percent=\u00a0\u00bb0&Prime; overlay_alpha=\u00a0\u00bb50&Prime; gutter_size=\u00a0\u00bb3&Prime; shift_y=\u00a0\u00bb0&Prime; z_index=\u00a0\u00bb0&Prime; limit_content=\u00a0\u00bb\u00a0\u00bb][vc_column_inner column_width_use_pixel=\u00a0\u00bbyes\u00a0\u00bb position_vertical=\u00a0\u00bbmiddle\u00a0\u00bb align_horizontal=\u00a0\u00bbalign_center\u00a0\u00bb gutter_size=\u00a0\u00bb3&Prime; style=\u00a0\u00bbdark\u00a0\u00bb overlay_alpha=\u00a0\u00bb50&Prime; shift_x=\u00a0\u00bb0&Prime; shift_y=\u00a0\u00bb0&Prime; shift_y_down=\u00a0\u00bb0&Prime; z_index=\u00a0\u00bb0&Prime; medium_width=\u00a0\u00bb0&Prime; mobile_width=\u00a0\u00bb0&Prime; width=\u00a0\u00bb1\/1&Prime; column_width_pixel=\u00a0\u00bb740&Prime;][vc_custom_heading text_font=\u00a0\u00bbfont-329340&Prime; text_weight=\u00a0\u00bb400&Prime; text_height=\u00a0\u00bbfontheight-357766&Prime; uncode_shortcode_id=\u00a0\u00bb990641&Prime;]<\/p>\n<h2 style=\"text-align: center;\"><span style=\"color: #000000;\">Besoin de laisser un bagage \u00e0 Palma de Majorque ?<br \/>\n<\/span><\/h2>\n<p>[\/vc_custom_heading][\/vc_column_inner][\/vc_row_inner][vc_row_inner][vc_column_inner width=\u00a0\u00bb1\/2&Prime;]<div role=\"form\" class=\"wpcf7\" id=\"wpcf7-f89079-o1\" lang=\"en-US\" dir=\"ltr\">\n<div class=\"screen-reader-response\"><p role=\"status\" aria-live=\"polite\" aria-atomic=\"true\"><\/p> <ul><\/ul><\/div>\n<form action=\"\/fr\/wp-json\/wp\/v2\/pages\/89075#wpcf7-f89079-o1\" method=\"post\" class=\"wpcf7-form init\" novalidate=\"novalidate\" data-status=\"init\">\n<div style=\"display: none;\">\n<input type=\"hidden\" name=\"_wpcf7\" value=\"89079\" \/>\n<input type=\"hidden\" name=\"_wpcf7_version\" value=\"5.5.6\" \/>\n<input type=\"hidden\" name=\"_wpcf7_locale\" value=\"en_US\" \/>\n<input type=\"hidden\" name=\"_wpcf7_unit_tag\" value=\"wpcf7-f89079-o1\" \/>\n<input type=\"hidden\" name=\"_wpcf7_container_post\" value=\"0\" \/>\n<input type=\"hidden\" name=\"_wpcf7_posted_data_hash\" value=\"\" \/>\n<\/div>\n<p><label> Votre nom<br \/>\n    <span class=\"wpcf7-form-control-wrap your-name\"><input type=\"text\" name=\"your-name\" value=\"\" size=\"40\" class=\"wpcf7-form-control wpcf7-text wpcf7-validates-as-required\" aria-required=\"true\" aria-invalid=\"false\" \/><\/span> <\/label><br \/>\n<label> Nom de famille<br \/>\n    <span class=\"wpcf7-form-control-wrap surname\"><input type=\"text\" name=\"surname\" value=\"\" size=\"40\" class=\"wpcf7-form-control wpcf7-text wpcf7-validates-as-required\" aria-required=\"true\" aria-invalid=\"false\" \/><\/span> <\/label><\/p>\n<p><label> Votre e-mail<br \/>\n    <span class=\"wpcf7-form-control-wrap your-email\"><input type=\"email\" name=\"your-email\" value=\"\" size=\"40\" class=\"wpcf7-form-control wpcf7-text wpcf7-email wpcf7-validates-as-required wpcf7-validates-as-email\" aria-required=\"true\" aria-invalid=\"false\" \/><\/span> <\/label><\/p>\n<p><label>  Quand voulez-vous laisser vos bagages ?<br \/>\n    <span class=\"wpcf7-form-control-wrap date-981\"><input type=\"date\" name=\"date-981\" value=\"\" class=\"wpcf7-form-control wpcf7-date wpcf7-validates-as-date\" aria-invalid=\"false\" \/><\/span> <\/label><\/p>\n<p><label> Nombre de bagages<br \/>\n    <span class=\"wpcf7-form-control-wrap bags\"><input type=\"text\" name=\"bags\" value=\"\" size=\"40\" class=\"wpcf7-form-control wpcf7-text wpcf7-validates-as-required\" aria-required=\"true\" aria-invalid=\"false\" \/><\/span> <\/label><\/p>\n<p><input type=\"submit\" value=\"R\u00e9servez maintenant\" class=\"wpcf7-form-control has-spinner wpcf7-submit\" \/><\/p>\n<input type='hidden' class='wpcf7-pum' value='{\"closepopup\":false,\"closedelay\":0,\"openpopup\":false,\"openpopup_id\":0}' \/><div class=\"wpcf7-response-output\" aria-hidden=\"true\"><\/div><\/form><\/div>[\/vc_column_inner][vc_column_inner width=\u00a0\u00bb1\/2&Prime;][vc_column_text uncode_shortcode_id=\u00a0\u00bb557414&Prime;]<span style=\"color: #000000;\">Vous avez besoin de stocker vos bagages \u00e0 Palma de Majorque jusqu&rsquo;\u00e0 votre arriv\u00e9e \u00e0 l&rsquo;h\u00f4tel ou \u00e0 l&rsquo;appartement? Votre vol quitte l&rsquo;a\u00e9roport de Palma dans l&rsquo;apr\u00e8s-midi ou la nuit et vous ne savez pas quoi faire de vos bagages ? Vous pouvez utiliser le service call&amp;ride pour le stockage des bagages (\u00e0 la rue <span style=\"color: #ff9900;\"><a style=\"color: #ff9900;\" href=\"https:\/\/goo.gl\/maps\/3rUVt4vpekw\" target=\"_blank\" rel=\"noopener nofollow\"><strong>Can Puigdorfila 5<\/strong><\/a><\/span>). Vous pouvez y laisser vos bagages aussi longtemps que vous en avez besoin. Si vous en avez besoin, vous pouvez \u00e9galement utiliser notre service de navette vers n&rsquo;importe quel endroit de l&rsquo;\u00eele.<br \/>\n<\/span><\/p>\n<p><span style=\"color: #000000;\"><strong>Prix par valise :<\/strong><\/span><\/p>\n<p><span style=\"color: #000000;\"><strong><strong>Sac de cabine :<\/strong> 5\u20ac\/jour<\/strong><\/span><\/p>\n<p><span style=\"color: #000000;\"><strong>Grande valise :<\/strong> 10\u20ac\/jour<\/span><\/p>\n<p><img class=\"alignnone size-full wp-image-88666\" src=\"https:\/\/2021.callandridemallorca.com\/wp-content\/uploads\/2021\/12\/unnamed.png\" alt=\"\" width=\"240\" height=\"240\" srcset=\"https:\/\/2021.callandridemallorca.com\/wp-content\/uploads\/2021\/12\/unnamed.png 240w, https:\/\/2021.callandridemallorca.com\/wp-content\/uploads\/2021\/12\/unnamed-150x150.png 150w\" sizes=\"(max-width: 240px) 100vw, 240px\" \/>[\/vc_column_text][\/vc_column_inner][\/vc_row_inner][\/vc_column][\/vc_row][vc_row unlock_row_content=\u00a0\u00bbyes\u00a0\u00bb row_height_percent=\u00a0\u00bb100&Prime; override_padding=\u00a0\u00bbyes\u00a0\u00bb h_padding=\u00a0\u00bb0&Prime; top_padding=\u00a0\u00bb0&Prime; bottom_padding=\u00a0\u00bb0&Prime; back_color=\u00a0\u00bbcolor-xsdn\u00a0\u00bb overlay_alpha=\u00a0\u00bb50&Prime; equal_height=\u00a0\u00bbyes\u00a0\u00bb gutter_size=\u00a0\u00bb0&Prime; column_width_percent=\u00a0\u00bb100&Prime; shift_y=\u00a0\u00bb0&Prime; z_index=\u00a0\u00bb0&Prime; el_class=\u00a0\u00bbinverted-device-order\u00a0\u00bb uncode_shortcode_id=\u00a0\u00bb180387&Prime; back_color_type=\u00a0\u00bbuncode-palette\u00a0\u00bb row_name=\u00a0\u00bbwhere is call&amp;ride\u00a0\u00bb][vc_column column_width_use_pixel=\u00a0\u00bbyes\u00a0\u00bb gutter_size=\u00a0\u00bb3&Prime; override_padding=\u00a0\u00bbyes\u00a0\u00bb column_padding=\u00a0\u00bb5&Prime; style=\u00a0\u00bbdark\u00a0\u00bb overlay_alpha=\u00a0\u00bb50&Prime; shift_x=\u00a0\u00bb0&Prime; shift_y=\u00a0\u00bb0&Prime; shift_y_down=\u00a0\u00bb0&Prime; z_index=\u00a0\u00bb0&Prime; medium_width=\u00a0\u00bb0&Prime; mobile_width=\u00a0\u00bb0&Prime; width=\u00a0\u00bb1\/2&Prime; column_width_pixel=\u00a0\u00bb528&Prime;][vc_custom_heading text_color=\u00a0\u00bbaccent\u00a0\u00bb uncode_shortcode_id=\u00a0\u00bb155824&Prime; text_color_type=\u00a0\u00bbuncode-palette\u00a0\u00bb]Consigne de bagages \u00e0 Palma de Mallorca[\/vc_custom_heading][vc_column_text text_color=\u00a0\u00bbcolor-jevc\u00a0\u00bb uncode_shortcode_id=\u00a0\u00bb170576&Prime; text_color_type=\u00a0\u00bbuncode-palette\u00a0\u00bb]Nous garantissons que le service est totalement fiable car vos bagages sont stock\u00e9s dans une pi\u00e8ce \u00e0 laquelle seul le personnel de call&amp;ride a acc\u00e8s. Toutes les valises sont scell\u00e9es lorsque vous arrivez \u00e0 la consigne afin de garantir que personne n&rsquo;a ouvert vos bagages lorsque vous les r\u00e9cup\u00e9rez.<\/p>\n<p>Nous proposons les tarifs les plus comp\u00e9titifs de Palma et si vous laissez votre valise dans notre bagagerie et d\u00e9cidez de louer un v\u00e9lo ou de faire une visite guid\u00e9e avec nous, vous b\u00e9n\u00e9ficierez de notre r\u00e9duction.[\/vc_column_text][vc_custom_heading text_color=\u00a0\u00bbaccent\u00a0\u00bb heading_semantic=\u00a0\u00bbh3&Prime; text_size=\u00a0\u00bbfontsize-155944&Prime; uncode_shortcode_id=\u00a0\u00bb130915&Prime; text_color_type=\u00a0\u00bbuncode-palette\u00a0\u00bb]O\u00f9 dois-je laisser mes bagages \u00e0 Palma de Majorque?[\/vc_custom_heading][vc_custom_heading text_color=\u00a0\u00bbcolor-jevc\u00a0\u00bb heading_semantic=\u00a0\u00bbh3&Prime; uncode_shortcode_id=\u00a0\u00bb844914&Prime; text_color_type=\u00a0\u00bbuncode-palette\u00a0\u00bb]O\u00f9 se trouve Call&amp;Ride?[\/vc_custom_heading][vc_column_text text_lead=\u00a0\u00bbyes\u00a0\u00bb text_color=\u00a0\u00bbcolor-jevc\u00a0\u00bb uncode_shortcode_id=\u00a0\u00bb192906&Prime; text_color_type=\u00a0\u00bbuncode-palette\u00a0\u00bb]Nous sommes situ\u00e9s \u00e0 <a href=\"https:\/\/goo.gl\/maps\/3rUVt4vpekw\" rel=\"nofollow noopener\"> Can Puigdorfila 5<\/a> et nous sommes la seule bagagerie du centre de Palma, \u00e0 une minute \u00e0 pied de la Plaza de la Reina, du Paseo del Borne ou de la Plaza del Rey Juan Carlos I et \u00e0 cinq minutes \u00e0 pied de la Calle Jaime III, de la Plaza de Cort ou de la Catedral de Palma.<\/p>\n<p>En plus de notre service de stockage des bagages, nous offrons le meilleur service de transfert de Majorque. Nous proposons des minibus d&rsquo;une capacit\u00e9 de 20 personnes, mais si n\u00e9cessaire, vous pouvez \u00e9galement en louer plusieurs. Contactez-nous pour r\u00e9server votre transfert.<\/p>\n<p>La station de taxi la plus proche se trouve sur le Paseo del Borne, \u00e0 une minute de marche de notre magasin. L&rsquo;arr\u00eat de bus le plus proche (ligne 1) se trouve sur le Paseo Mallorca, \u00e0 moins de dix minutes de marche de chez nous.[\/vc_column_text][vc_empty_space empty_h=\u00a0\u00bb1&Prime;][\/vc_column][vc_column column_width_percent=\u00a0\u00bb100&Prime; gutter_size=\u00a0\u00bb3&Prime; back_image=\u00a0\u00bb88577&Prime; overlay_alpha=\u00a0\u00bb50&Prime; shift_x=\u00a0\u00bb0&Prime; shift_y=\u00a0\u00bb0&Prime; shift_y_down=\u00a0\u00bb0&Prime; z_index=\u00a0\u00bb0&Prime; medium_width=\u00a0\u00bb0&Prime; mobile_width=\u00a0\u00bb0&Prime; width=\u00a0\u00bb1\/2&Prime; mobile_height=\u00a0\u00bb340&Prime; uncode_shortcode_id=\u00a0\u00bb208247&Prime;][\/vc_column][\/vc_row][vc_row row_height_percent=\u00a0\u00bb100&Prime; back_color=\u00a0\u00bbcolor-lxmt\u00a0\u00bb overlay_alpha=\u00a0\u00bb50&Prime; equal_height=\u00a0\u00bbyes\u00a0\u00bb gutter_size=\u00a0\u00bb0&Prime; column_width_percent=\u00a0\u00bb100&Prime; shift_y=\u00a0\u00bb0&Prime; z_index=\u00a0\u00bb0&Prime; el_class=\u00a0\u00bbgradient\u00a0\u00bb row_name=\u00a0\u00bbOur Blog\u00a0\u00bb uncode_shortcode_id=\u00a0\u00bb508297&Prime; back_color_type=\u00a0\u00bbuncode-palette\u00a0\u00bb][vc_column column_width_percent=\u00a0\u00bb100&Prime; position_vertical=\u00a0\u00bbmiddle\u00a0\u00bb align_horizontal=\u00a0\u00bbalign_center\u00a0\u00bb gutter_size=\u00a0\u00bb4&Prime; override_padding=\u00a0\u00bbyes\u00a0\u00bb column_padding=\u00a0\u00bb0&Prime; font_family=\u00a0\u00bbfont-329340&Prime; overlay_alpha=\u00a0\u00bb50&Prime; shift_x=\u00a0\u00bb0&Prime; shift_y=\u00a0\u00bb0&Prime; shift_y_down=\u00a0\u00bb0&Prime; z_index=\u00a0\u00bb0&Prime; medium_width=\u00a0\u00bb0&Prime; mobile_width=\u00a0\u00bb0&Prime; css_animation=\u00a0\u00bbalpha-anim\u00a0\u00bb width=\u00a0\u00bb1\/1&Prime;][vc_custom_heading text_font=\u00a0\u00bbfont-329340&Prime; text_size=\u00a0\u00bbh1&Prime; text_weight=\u00a0\u00bb400&Prime; text_space=\u00a0\u00bbfontspace-781688&Prime; uncode_shortcode_id=\u00a0\u00bb798630&Prime;]<\/p>\n<h2>Questions fr\u00e9quemment pos\u00e9es sur la r\u00e9servation d&rsquo;un compartiment \u00e0 bagages<\/h2>\n<p>[\/vc_custom_heading][vc_accordion][vc_accordion_tab gutter_size=\u00a0\u00bb2&Prime; column_padding=\u00a0\u00bb2&Prime; title=\u00a0\u00bbO\u00f9 sont d\u00e9pos\u00e9s les bagages sur le Call &amp; Ride Mallorca ?\u00a0\u00bb tab_id=\u00a0\u00bb1620110442-1-231642067897313&Prime;][vc_column_text uncode_shortcode_id=\u00a0\u00bb931474&Prime;]Nous sommes situ\u00e9s au 5, rue Can Puigdorfila, \u00e0 cinq minutes \u00e0 pied de la cath\u00e9drale de Majorque, au c\u0153ur de la vieille ville.[\/vc_column_text][\/vc_accordion_tab][vc_accordion_tab gutter_size=\u00a0\u00bb2&Prime; column_padding=\u00a0\u00bb2&Prime; title=\u00a0\u00bbEst-il n\u00e9cessaire de faire une r\u00e9servation ?\u00a0\u00bb tab_id=\u00a0\u00bb1620110442-2-841642067897313&Prime;][vc_column_text uncode_shortcode_id=\u00a0\u00bb182901&Prime;]Bien que nous disposions de beaucoup de place, nous vous recommandons de r\u00e9server \u00e0 l&rsquo;avance afin de recevoir un courriel contenant toutes les informations importantes concernant vos bagages.[\/vc_column_text][\/vc_accordion_tab][vc_accordion_tab gutter_size=\u00a0\u00bb2&Prime; column_padding=\u00a0\u00bb2&Prime; title=\u00a0\u00bbQuel type de documents dois-je emporter avec moi ?\u00a0\u00bb tab_id=\u00a0\u00bb1620111172148-2-41642067897313&Prime;][vc_column_text uncode_shortcode_id=\u00a0\u00bb125579&Prime;]Vous devez apporter une pi\u00e8ce d&rsquo;identit\u00e9 avec photo (permis de conduire, passeport ou autre).[\/vc_column_text][\/vc_accordion_tab][vc_accordion_tab gutter_size=\u00a0\u00bb2&Prime; column_padding=\u00a0\u00bb2&Prime; title=\u00a0\u00bbCombien de temps puis-je laisser mes bagages ?\u00a0\u00bb tab_id=\u00a0\u00bb1620111174887-3-41642067897313&Prime;][vc_column_text uncode_shortcode_id=\u00a0\u00bb167872&Prime;]Il n&rsquo;y a pas de limite de temps. Vous pouvez laisser vos affaires aussi longtemps que vous en avez besoin. Nous avons des offres sp\u00e9ciales pour le stockage \u00e0 long terme.[\/vc_column_text][\/vc_accordion_tab][vc_accordion_tab gutter_size=\u00a0\u00bb2&Prime; column_padding=\u00a0\u00bb2&Prime; title=\u00a0\u00bbQu&rsquo;est-ce qui est interdit dans le bagage \u00e0 main gauche ?\u00a0\u00bb tab_id=\u00a0\u00bb1620113553317-4-31642067897313&Prime;][vc_column_text uncode_shortcode_id=\u00a0\u00bb462744&Prime;]Les mat\u00e9riaux dangereux tels que les explosifs ou les liquides inflammables ne doivent pas \u00eatre laiss\u00e9s sur place.[\/vc_column_text][\/vc_accordion_tab][vc_accordion_tab gutter_size=\u00a0\u00bb2&Prime; column_padding=\u00a0\u00bb2&Prime; title=\u00a0\u00bbQuel est le co\u00fbt du d\u00e9p\u00f4t des bagages ?\u00a0\u00bb tab_id=\u00a0\u00bb1620113593723-5-31642067897313&Prime;][vc_column_text uncode_shortcode_id=\u00a0\u00bb192338&Prime;]Il y a un prix fixe de 5 \u20ac par pi\u00e8ce et par jour. Si vous voulez le laisser pendant 24 heures, le prix est le m\u00eame.[\/vc_column_text][\/vc_accordion_tab][\/vc_accordion][vc_raw_js]JTNDc2NyaXB0JTIwdHlwZSUzRCUyMmFwcGxpY2F0aW9uJTJGbGQlMkJqc29uJTIyJTNFJTBBJTdCJTBBJTIwJTIwJTIyJTQwY29udGV4dCUyMiUzQSUyMCUyMmh0dHBzJTNBJTJGJTJGc2NoZW1hLm9yZyUyMiUyQyUwQSUyMCUyMCUyMiU0MHR5cGUlMjIlM0ElMjAlMjJGQVFQYWdlJTIyJTJDJTBBJTIwJTIwJTIybWFpbkVudGl0eSUyMiUzQSUyMCU1QiU3QiUwQSUyMCUyMCUyMCUyMCUyMiU0MHR5cGUlMjIlM0ElMjAlMjJRdWVzdGlvbiUyMiUyQyUwQSUyMCUyMCUyMCUyMCUyMm5hbWUlMjIlM0ElMjAlMjJPJUMzJUI5JTIwc29udCUyMGQlQzMlQTlwb3MlQzMlQTlzJTIwbGVzJTIwYmFnYWdlcyUyMHN1ciUyMGxlJTIwQ2FsbCUyMCUyNiUyMFJpZGUlMjBNYWxsb3JjYSUyMCUzRiUyMiUyQyUwQSUyMCUyMCUyMCUyMCUyMmFjY2VwdGVkQW5zd2VyJTIyJTNBJTIwJTdCJTBBJTIwJTIwJTIwJTIwJTIwJTIwJTIyJTQwdHlwZSUyMiUzQSUyMCUyMkFuc3dlciUyMiUyQyUwQSUyMCUyMCUyMCUyMCUyMCUyMCUyMnRleHQlMjIlM0ElMjAlMjJOb3VzJTIwc29tbWVzJTIwc2l0dSVDMyVBOXMlMjBhdSUyMDUlMkMlMjBydWUlMjBDYW4lMjBQdWlnZG9yZmlsYSUyQyUyMCVDMyVBMCUyMGNpbnElMjBtaW51dGVzJTIwJUMzJUEwJTIwcGllZCUyMGRlJTIwbGElMjBjYXRoJUMzJUE5ZHJhbGUlMjBkZSUyME1ham9ycXVlJTJDJTIwYXUlMjBjJUM1JTkzdXIlMjBkZSUyMGxhJTIwdmllaWxsZSUyMHZpbGxlLiUyMiUwQSUyMCUyMCUyMCUyMCU3RCUwQSUyMCUyMCU3RCUyQyU3QiUwQSUyMCUyMCUyMCUyMCUyMiU0MHR5cGUlMjIlM0ElMjAlMjJRdWVzdGlvbiUyMiUyQyUwQSUyMCUyMCUyMCUyMCUyMm5hbWUlMjIlM0ElMjAlMjJFc3QtaWwlMjBuJUMzJUE5Y2Vzc2FpcmUlMjBkZSUyMGZhaXJlJTIwdW5lJTIwciVDMyVBOXNlcnZhdGlvbiUyMCUzRiUyMiUyQyUwQSUyMCUyMCUyMCUyMCUyMmFjY2VwdGVkQW5zd2VyJTIyJTNBJTIwJTdCJTBBJTIwJTIwJTIwJTIwJTIwJTIwJTIyJTQwdHlwZSUyMiUzQSUyMCUyMkFuc3dlciUyMiUyQyUwQSUyMCUyMCUyMCUyMCUyMCUyMCUyMnRleHQlMjIlM0ElMjAlMjJCaWVuJTIwcXVlJTIwbm91cyUyMGRpc3Bvc2lvbnMlMjBkZSUyMGJlYXVjb3VwJTIwZGUlMjBwbGFjZSUyQyUyMG5vdXMlMjB2b3VzJTIwcmVjb21tYW5kb25zJTIwZGUlMjByJUMzJUE5c2VydmVyJTIwJUMzJUEwJTIwbCUyN2F2YW5jZSUyMGFmaW4lMjBkZSUyMHJlY2V2b2lyJTIwdW4lMjBjb3VycmllbCUyMGNvbnRlbmFudCUyMHRvdXRlcyUyMGxlcyUyMGluZm9ybWF0aW9ucyUyMGltcG9ydGFudGVzJTIwY29uY2VybmFudCUyMHZvcyUyMGJhZ2FnZXMuJTIyJTBBJTIwJTIwJTIwJTIwJTdEJTBBJTIwJTIwJTdEJTJDJTdCJTBBJTIwJTIwJTIwJTIwJTIyJTQwdHlwZSUyMiUzQSUyMCUyMlF1ZXN0aW9uJTIyJTJDJTBBJTIwJTIwJTIwJTIwJTIybmFtZSUyMiUzQSUyMCUyMlF1ZWwlMjB0eXBlJTIwZGUlMjBkb2N1bWVudHMlMjBkb2lzLWplJTIwZW1wb3J0ZXIlMjBhdmVjJTIwbW9pJTIwJTNGJTIyJTJDJTBBJTIwJTIwJTIwJTIwJTIyYWNjZXB0ZWRBbnN3ZXIlMjIlM0ElMjAlN0IlMEElMjAlMjAlMjAlMjAlMjAlMjAlMjIlNDB0eXBlJTIyJTNBJTIwJTIyQW5zd2VyJTIyJTJDJTBBJTIwJTIwJTIwJTIwJTIwJTIwJTIydGV4dCUyMiUzQSUyMCUyMlZvdXMlMjBkZXZleiUyMGFwcG9ydGVyJTIwdW5lJTIwcGklQzMlQThjZSUyMGQlMjdpZGVudGl0JUMzJUE5JTIwYXZlYyUyMHBob3RvJTIwJTI4cGVybWlzJTIwZGUlMjBjb25kdWlyZSUyQyUyMHBhc3NlcG9ydCUyMG91JTIwYXV0cmUlMjkuJTIyJTBBJTIwJTIwJTIwJTIwJTdEJTBBJTIwJTIwJTdEJTJDJTdCJTBBJTIwJTIwJTIwJTIwJTIyJTQwdHlwZSUyMiUzQSUyMCUyMlF1ZXN0aW9uJTIyJTJDJTBBJTIwJTIwJTIwJTIwJTIybmFtZSUyMiUzQSUyMCUyMkNvbWJpZW4lMjBkZSUyMHRlbXBzJTIwcHVpcy1qZSUyMGxhaXNzZXIlMjBtZXMlMjBiYWdhZ2VzJTIwJTNGJTIyJTJDJTBBJTIwJTIwJTIwJTIwJTIyYWNjZXB0ZWRBbnN3ZXIlMjIlM0ElMjAlN0IlMEElMjAlMjAlMjAlMjAlMjAlMjAlMjIlNDB0eXBlJTIyJTNBJTIwJTIyQW5zd2VyJTIyJTJDJTBBJTIwJTIwJTIwJTIwJTIwJTIwJTIydGV4dCUyMiUzQSUyMCUyMklsJTIwbiUyN3klMjBhJTIwcGFzJTIwZGUlMjBsaW1pdGUlMjBkZSUyMHRlbXBzLiUyMFZvdXMlMjBwb3V2ZXolMjBsYWlzc2VyJTIwdm9zJTIwYWZmYWlyZXMlMjBhdXNzaSUyMGxvbmd0ZW1wcyUyMHF1ZSUyMHZvdXMlMjBlbiUyMGF2ZXolMjBiZXNvaW4uJTIwTm91cyUyMGF2b25zJTIwZGVzJTIwb2ZmcmVzJTIwc3AlQzMlQTljaWFsZXMlMjBwb3VyJTIwbGUlMjBzdG9ja2FnZSUyMCVDMyVBMCUyMGxvbmclMjB0ZXJtZS4lMjIlMEElMjAlMjAlMjAlMjAlN0QlMEElMjAlMjAlN0QlMkMlN0IlMEElMjAlMjAlMjAlMjAlMjIlNDB0eXBlJTIyJTNBJTIwJTIyUXVlc3Rpb24lMjIlMkMlMEElMjAlMjAlMjAlMjAlMjJuYW1lJTIyJTNBJTIwJTIyUXUlMjdlc3QtY2UlMjBxdWklMjBlc3QlMjBpbnRlcmRpdCUyMGRhbnMlMjBsZSUyMGJhZ2FnZSUyMCVDMyVBMCUyMG1haW4lMjBnYXVjaGUlMjAlM0YlMjIlMkMlMEElMjAlMjAlMjAlMjAlMjJhY2NlcHRlZEFuc3dlciUyMiUzQSUyMCU3QiUwQSUyMCUyMCUyMCUyMCUyMCUyMCUyMiU0MHR5cGUlMjIlM0ElMjAlMjJBbnN3ZXIlMjIlMkMlMEElMjAlMjAlMjAlMjAlMjAlMjAlMjJ0ZXh0JTIyJTNBJTIwJTIyTGVzJTIwbWF0JUMzJUE5cmlhdXglMjBkYW5nZXJldXglMjB0ZWxzJTIwcXVlJTIwbGVzJTIwZXhwbG9zaWZzJTIwb3UlMjBsZXMlMjBsaXF1aWRlcyUyMGluZmxhbW1hYmxlcyUyMG5lJTIwZG9pdmVudCUyMHBhcyUyMCVDMyVBQXRyZSUyMGxhaXNzJUMzJUE5cyUyMHN1ciUyMHBsYWNlLiUyMiUwQSUyMCUyMCUyMCUyMCU3RCUwQSUyMCUyMCU3RCUyQyU3QiUwQSUyMCUyMCUyMCUyMCUyMiU0MHR5cGUlMjIlM0ElMjAlMjJRdWVzdGlvbiUyMiUyQyUwQSUyMCUyMCUyMCUyMCUyMm5hbWUlMjIlM0ElMjAlMjJRdWVsJTIwZXN0JTIwbGUlMjBjbyVDMyVCQnQlMjBkdSUyMGQlQzMlQTlwJUMzJUI0dCUyMGRlcyUyMGJhZ2FnZXMlMjAlM0YlMjIlMkMlMEElMjAlMjAlMjAlMjAlMjJhY2NlcHRlZEFuc3dlciUyMiUzQSUyMCU3QiUwQSUyMCUyMCUyMCUyMCUyMCUyMCUyMiU0MHR5cGUlMjIlM0ElMjAlMjJBbnN3ZXIlMjIlMkMlMEElMjAlMjAlMjAlMjAlMjAlMjAlMjJ0ZXh0JTIyJTNBJTIwJTIySWwlMjB5JTIwYSUyMHVuJTIwcHJpeCUyMGZpeGUlMjBkZSUyMDUlMjAlRTIlODIlQUMlMjBwYXIlMjBwaSVDMyVBOGNlJTIwZXQlMjBwYXIlMjBqb3VyLiUyMFNpJTIwdm91cyUyMHZvdWxleiUyMGxlJTIwbGFpc3NlciUyMHBlbmRhbnQlMjAyNCUyMGhldXJlcyUyQyUyMGxlJTIwcHJpeCUyMGVzdCUyMGxlJTIwbSVDMyVBQW1lLiUyMiUwQSUyMCUyMCUyMCUyMCU3RCUwQSUyMCUyMCU3RCU1RCUwQSU3RCUwQSUzQyUyRnNjcmlwdCUzRQ==[\/vc_raw_js][\/vc_column][\/vc_row]<\/p>\n","protected":false},"excerpt":{"rendered":"<p>[vc_row unlock_row_content=\u00a0\u00bbyes\u00a0\u00bb row_height_percent=\u00a0\u00bb100&Prime; back_color=\u00a0\u00bbcolor-nhtu\u00a0\u00bb back_image=\u00a0\u00bb88561&Prime; overlay_alpha=\u00a0\u00bb67&Prime; equal_height=\u00a0\u00bbyes\u00a0\u00bb gutter_size=\u00a0\u00bb0&Prime; column_width_use_pixel=\u00a0\u00bbyes\u00a0\u00bb shift_y=\u00a0\u00bb0&Prime; z_index=\u00a0\u00bb0&Prime; row_name=\u00a0\u00bbWelcome\u00a0\u00bb uncode_shortcode_id=\u00a0\u00bb199422&Prime; back_color_type=\u00a0\u00bbuncode-palette\u00a0\u00bb][vc_column column_width_use_pixel=\u00a0\u00bbyes\u00a0\u00bb position_vertical=\u00a0\u00bbmiddle\u00a0\u00bb align_horizontal=\u00a0\u00bbalign_center\u00a0\u00bb gutter_size=\u00a0\u00bb3&Prime; style=\u00a0\u00bbdark\u00a0\u00bb overlay_alpha=\u00a0\u00bb50&Prime; [&hellip;]<\/p>\n","protected":false},"author":1,"featured_media":88566,"parent":0,"menu_order":0,"comment_status":"closed","ping_status":"closed","template":"","meta":[],"_links":{"self":[{"href":"https:\/\/2021.callandridemallorca.com\/fr\/wp-json\/wp\/v2\/pages\/89075"}],"collection":[{"href":"https:\/\/2021.callandridemallorca.com\/fr\/wp-json\/wp\/v2\/pages"}],"about":[{"href":"https:\/\/2021.callandridemallorca.com\/fr\/wp-json\/wp\/v2\/types\/page"}],"author":[{"embeddable":true,"href":"https:\/\/2021.callandridemallorca.com\/fr\/wp-json\/wp\/v2\/users\/1"}],"replies":[{"embeddable":true,"href":"https:\/\/2021.callandridemallorca.com\/fr\/wp-json\/wp\/v2\/comments?post=89075"}],"version-history":[{"count":5,"href":"https:\/\/2021.callandridemallorca.com\/fr\/wp-json\/wp\/v2\/pages\/89075\/revisions"}],"predecessor-version":[{"id":89081,"href":"https:\/\/2021.callandridemallorca.com\/fr\/wp-json\/wp\/v2\/pages\/89075\/revisions\/89081"}],"wp:featuredmedia":[{"embeddable":true,"href":"https:\/\/2021.callandridemallorca.com\/fr\/wp-json\/wp\/v2\/media\/88566"}],"wp:attachment":[{"href":"https:\/\/2021.callandridemallorca.com\/fr\/wp-json\/wp\/v2\/media?parent=89075"}],"curies":[{"name":"wp","href":"https:\/\/api.w.org\/{rel}","templated":true}]}}